{"id":1806,"date":"2025-11-11T11:09:26","date_gmt":"2025-11-11T11:09:26","guid":{"rendered":"https:\/\/krgjsh.asig.gov.al\/?page_id=1806"},"modified":"2025-11-11T11:21:55","modified_gmt":"2025-11-11T11:21:55","slug":"hyrje-mbi-rrjetet-e-krgjsh","status":"publish","type":"page","link":"https:\/\/krgjsh.asig.gov.al\/?page_id=1806","title":{"rendered":"HYRJE MBI RRJETET E KRGJSH"},"content":{"rendered":"\t\t<div data-elementor-type=\"wp-page\" data-elementor-id=\"1806\" class=\"elementor elementor-1806\" data-elementor-settings=\"[]\">\n\t\t\t\t\t\t<div class=\"elementor-inner\">\n\t\t\t\t\t\t\t<div class=\"elementor-section-wrap\">\n\t\t\t\t\t\t\t<section class=\"elementor-section elementor-top-section elementor-element elementor-element-a7d9e89 elementor-section-boxed elementor-section-height-default elementor-section-height-default\" data-id=\"a7d9e89\" data-element_type=\"section\">\n\t\t\t\t\t\t<div class=\"elementor-container elementor-column-gap-default\">\n\t\t\t\t\t\t\t<div class=\"elementor-row\">\n\t\t\t\t\t<div class=\"elementor-column elementor-col-100 elementor-top-column elementor-element elementor-element-a9086e6\" data-id=\"a9086e6\" data-element_type=\"column\">\n\t\t\t<div class=\"elementor-column-wrap elementor-element-populated\">\n\t\t\t\t\t\t\t<div class=\"elementor-widget-wrap\">\n\t\t\t\t\t\t<div class=\"elementor-element elementor-element-50ca617 elementor-invisible elementor-widget elementor-widget-heading\" data-id=\"50ca617\" data-element_type=\"widget\" data-settings=\"{&quot;_animation&quot;:&quot;fadeInRight&quot;}\" data-widget_type=\"heading.default\">\n\t\t\t\t<div class=\"elementor-widget-container\">\n\t\t\t<h2 class=\"elementor-heading-title elementor-size-default\">HYRJE MBI RRJETET E KRGJSH<\/h2>\t\t<\/div>\n\t\t\t\t<\/div>\n\t\t\t\t\t\t<\/div>\n\t\t\t\t\t<\/div>\n\t\t<\/div>\n\t\t\t\t\t\t\t\t<\/div>\n\t\t\t\t\t<\/div>\n\t\t<\/section>\n\t\t\t\t<section class=\"elementor-section elementor-top-section elementor-element elementor-element-ea7eea1 elementor-section-boxed elementor-section-height-default elementor-section-height-default\" data-id=\"ea7eea1\" data-element_type=\"section\">\n\t\t\t\t\t\t<div class=\"elementor-container elementor-column-gap-default\">\n\t\t\t\t\t\t\t<div class=\"elementor-row\">\n\t\t\t\t\t<div class=\"elementor-column elementor-col-66 elementor-top-column elementor-element elementor-element-ff92633\" data-id=\"ff92633\" data-element_type=\"column\">\n\t\t\t<div class=\"elementor-column-wrap elementor-element-populated\">\n\t\t\t\t\t\t\t<div class=\"elementor-widget-wrap\">\n\t\t\t\t\t\t<div class=\"elementor-element elementor-element-5fe093d elementor-widget elementor-widget-image\" data-id=\"5fe093d\" data-element_type=\"widget\" data-widget_type=\"image.default\">\n\t\t\t\t<div class=\"elementor-widget-container\">\n\t\t\t\t\t<div class=\"elementor-image\">\n\t\t\t\t\t\t\t\t\t\t<img width=\"768\" height=\"233\" src=\"https:\/\/krgjsh.asig.gov.al\/wp-content\/uploads\/2025\/11\/hyrje_krgjsh-768x233.png\" class=\"attachment-medium_large size-medium_large\" alt=\"\" loading=\"lazy\" srcset=\"https:\/\/krgjsh.asig.gov.al\/wp-content\/uploads\/2025\/11\/hyrje_krgjsh-768x233.png 768w, https:\/\/krgjsh.asig.gov.al\/wp-content\/uploads\/2025\/11\/hyrje_krgjsh-300x91.png 300w, https:\/\/krgjsh.asig.gov.al\/wp-content\/uploads\/2025\/11\/hyrje_krgjsh-830x252.png 830w, https:\/\/krgjsh.asig.gov.al\/wp-content\/uploads\/2025\/11\/hyrje_krgjsh-230x70.png 230w, https:\/\/krgjsh.asig.gov.al\/wp-content\/uploads\/2025\/11\/hyrje_krgjsh-350x106.png 350w, https:\/\/krgjsh.asig.gov.al\/wp-content\/uploads\/2025\/11\/hyrje_krgjsh-480x146.png 480w, https:\/\/krgjsh.asig.gov.al\/wp-content\/uploads\/2025\/11\/hyrje_krgjsh.png 843w\" sizes=\"(max-width: 768px) 100vw, 768px\" \/>\t\t\t\t\t\t\t\t\t\t\t<\/div>\n\t\t\t\t<\/div>\n\t\t\t\t<\/div>\n\t\t\t\t\t\t<\/div>\n\t\t\t\t\t<\/div>\n\t\t<\/div>\n\t\t\t\t<div class=\"elementor-column elementor-col-33 elementor-top-column elementor-element elementor-element-08f27a3\" data-id=\"08f27a3\" data-element_type=\"column\">\n\t\t\t<div class=\"elementor-column-wrap elementor-element-populated\">\n\t\t\t\t\t\t\t<div class=\"elementor-widget-wrap\">\n\t\t\t\t\t\t<div class=\"elementor-element elementor-element-26d2329 elementor-widget elementor-widget-image\" data-id=\"26d2329\" data-element_type=\"widget\" data-widget_type=\"image.default\">\n\t\t\t\t<div class=\"elementor-widget-container\">\n\t\t\t\t\t<div class=\"elementor-image\">\n\t\t\t\t\t\t\t\t\t\t<img width=\"299\" height=\"87\" src=\"https:\/\/krgjsh.asig.gov.al\/wp-content\/uploads\/2025\/11\/hyrje_krgjsh2.png\" class=\"attachment-large size-large\" alt=\"\" loading=\"lazy\" srcset=\"https:\/\/krgjsh.asig.gov.al\/wp-content\/uploads\/2025\/11\/hyrje_krgjsh2.png 299w, https:\/\/krgjsh.asig.gov.al\/wp-content\/uploads\/2025\/11\/hyrje_krgjsh2-230x67.png 230w\" sizes=\"(max-width: 299px) 100vw, 299px\" \/>\t\t\t\t\t\t\t\t\t\t\t<\/div>\n\t\t\t\t<\/div>\n\t\t\t\t<\/div>\n\t\t\t\t\t\t<\/div>\n\t\t\t\t\t<\/div>\n\t\t<\/div>\n\t\t\t\t\t\t\t\t<\/div>\n\t\t\t\t\t<\/div>\n\t\t<\/section>\n\t\t\t\t<section class=\"elementor-section elementor-top-section elementor-element elementor-element-c2042e3 elementor-section-boxed elementor-section-height-default elementor-section-height-default\" data-id=\"c2042e3\" data-element_type=\"section\">\n\t\t\t\t\t\t<div class=\"elementor-container elementor-column-gap-default\">\n\t\t\t\t\t\t\t<div class=\"elementor-row\">\n\t\t\t\t\t<div class=\"elementor-column elementor-col-100 elementor-top-column elementor-element elementor-element-072dcee\" data-id=\"072dcee\" data-element_type=\"column\">\n\t\t\t<div class=\"elementor-column-wrap elementor-element-populated\">\n\t\t\t\t\t\t\t<div class=\"elementor-widget-wrap\">\n\t\t\t\t\t\t<div class=\"elementor-element elementor-element-5ea9189 elementor-widget elementor-widget-text-editor\" data-id=\"5ea9189\" data-element_type=\"widget\" data-widget_type=\"text-editor.default\">\n\t\t\t\t<div class=\"elementor-widget-container\">\n\t\t\t\t\t<div class=\"elementor-text-editor elementor-clearfix\"><p>Miratimi i ligjit nr. 72.2012, \u201cP\u00ebr Organizimin dhe Funksionimin e Infrastruktur\u00ebs Komb\u00ebtare t\u00eb Informacionit Gjeohap\u00ebsinor n\u00eb Republik\u00ebn e Shqip\u00ebris\u00eb\u201d i cili p\u00ebrafron Direktiv\u00ebn INSPIRE 2007\/2 KE t\u00eb Parlamentit Evropian dhe K\u00ebshillit, si dhe krijimi i Autoritetit Shtet\u00ebror p\u00ebr Informacionin Gjeohap\u00ebsinor ASIG, si institucion p\u00ebrgjegj\u00ebs p\u00ebr implementimin e k\u00ebtij ligji, hodhi bazat ligjore dhe institucionale t\u00eb nevojshme\u00a0p\u00ebr projektimin, nd\u00ebrtimin, mir\u00ebmbajtjen dhe p\u00ebrdit\u00ebsimin e Korniz\u00ebs Referuese Gjeodezike (KRGJSH).\u00a0K\u00ebrkesat q\u00eb vendos Direktiva \u201dINSPIRE\u201d p\u00ebr definimin e gjeoinformacionit n\u00eb nj\u00eb referenc\u00eb hap\u00ebsinore Evropiane, referenc\u00eb e cila luan nj\u00eb rol bazik n\u00eb harmonizimin dhe interoperabilitetin q\u00eb\u00a0 lidhet me pozicionimin e informacionit, q\u00eb trajtohet n\u00eb 33 temat e tjera t\u00eb Direktiv\u00ebs, \u00ebsht\u00eb kthyer n\u00eb nj\u00eb prej angazhimeve kryesore t\u00eb ASIG. Nj\u00eb nga aktet e para n\u00ebnligjore t\u00eb iniciuara nga ASIG dhe t\u00eb miratuara nga qeveria shqiptare, n\u00eb funksion t\u00eb realizimit t\u00eb nj\u00eb reference gjeodezike moderne, me standarde evropiane, p\u00ebr t\u00eb gjith\u00eb p\u00ebrdoruesit e koordinatave gjeodezike n\u00eb Shqip\u00ebri ishte VKM nr. 669, dat\u00eb 7.8.2013\u00a0<i>\u201c<\/i><i>P\u00ebr<\/i> <i>Miratimin<\/i><i> e <\/i><i>Rregullave<\/i> <i>p\u00ebr<\/i> <i>P\u00ebrcaktimin<\/i><i>, <\/i><i>Krijimin<\/i> <i>dhe<\/i> <i>Realizimin<\/i><i> e <\/i><i>Korniz\u00ebs<\/i> <i>Referuese<\/i> <i>Gjeodezike<\/i> <i>Shqiptare<\/i><i> (KRGJSH), <\/i><i>si<\/i> <i>metadat\u00eb<\/i><i>\u201d,<\/i>\u00a0e ndryshuar me VKM nr. 322, dat\u00eb 27.04.2016 dhe VKM nr. 359, dat\u00eb 29.05.2019. Ky vendim u pasua me miratimin e Udh\u00ebzuesit t\u00eb Ministrit t\u00eb Inovacionit \u00a0me Nr.3, dat\u00eb 06.09.2013\u00a0<i>\u201c<\/i><i>P\u00ebr<\/i> <i>p\u00ebrcaktimin<\/i><i> e <\/i><i>pikave<\/i> <i>gjeodezike<\/i><i> me <\/i><i>ndihm\u00ebn<\/i><i> e <\/i><i>Sistemeve<\/i> <i>Globale<\/i> <i>Satelitore<\/i> <i>t\u00eb<\/i> <i>Navigimit<\/i><i> (GNSS)\u201d<\/i>\u00a0dhe me p\u00ebrgatitjen e nj\u00eb standardi m\u00eb t\u00eb detajuar p\u00ebr tem\u00ebn\u00a0<i>\u201c<\/i><i>P\u00ebrcaktimi<\/i> <i>i<\/i> <i>korniz\u00ebs<\/i> <i>referuese<\/i> <i>gjeodezike<\/i> <i>dhe<\/i> <i>kontrolli<\/i> <i>gjeodezik<\/i><i>\u201d<\/i>. Bazuar n\u00eb k\u00ebto akte, sektori p\u00ebrgjegj\u00ebs p\u00ebr KRGJSH,\u00a0pran\u00eb ASIG, \u00ebsht\u00eb angazhuar n\u00eb nd\u00ebrtimin e rrjeteve n\u00eb p\u00ebrb\u00ebrje t\u00eb KRGJSH-s\u00eb, t\u00eb kombinuara midis tyre, t\u00eb cilat duhet t\u00eb ken\u00eb pika t\u00eb p\u00ebrbashk\u00ebta, me rrjetet gjeodezike ekzistuese n\u00eb Shqip\u00ebri dhe me rrjetet ekzistuese q\u00eb mbulojn\u00eb aktualisht territorin e kontinentit Evropian,\u00a0 p\u00ebr ti mund\u00ebsuar Shqip\u00ebris\u00eb krijimin e baz\u00ebs unike gjeodezike q\u00eb mb\u00ebshtetet totalisht n\u00eb teknologjin\u00eb GNSS p\u00ebr p\u00ebrcaktimin me efi\u00e7enc\u00eb t\u00eb pozicionit t\u00eb sakt\u00eb horizontal dhe vertikal t\u00eb pikave t\u00eb ndryshme n\u00eb sip\u00ebrfaqen e tok\u00ebs, mbi sip\u00ebrfaqe dhe n\u00ebn sip\u00ebrfaqen e saj.<\/p><p>Baza unike gjeodezike e Republik\u00ebs s\u00eb Shqip\u00ebris\u00eb p\u00ebrfshin rrjetet e m\u00ebposhtme:<\/p><p>1.Rrjetin Shtet\u00ebror t\u00eb Pozicionimit Global;<\/p><p>2.Rrjetin Shtet\u00ebror Gravimetrik;<\/p><p>3.Rrjetin Shtet\u00ebror t\u00eb Nivelimit;<\/p><p>4.Rrjetin Shtet\u00ebror t\u00eb Mareograf\u00ebve;<\/p><p>5.Rrjetin e Stacioneve Magnetometrike<\/p><p>\u00a0<\/p><p>ASIG n\u00eb funksion t\u00eb krijimit t\u00eb rrjeteve p\u00ebrb\u00ebrese t\u00eb KRGJSH gjat\u00eb nj\u00eb periudhe gati 15-vjecare ka b\u00ebr\u00eb hapa konkret ,ku deri m\u00eb tani ka implementuar me sukses pjes\u00ebn m\u00eb t\u00eb madhe t\u00eb rrjeteve t\u00eb KRGJSH dhe n\u00eb kuad\u00ebr t\u00eb krijimit t\u00eb referenc\u00ebs gjeodezike vertikale t\u00eb re ASIG p\u00ebr her\u00eb t\u00eb par\u00eb n\u00eb RSH, n\u00eb vitin 2023 ka realizuar versionin e par\u00eb t\u00eb gjeoidit gravimetrik bazuar n\u00eb dh\u00ebnat gravimetrike tok\u00ebsore t\u00eb tre rendeve t\u00eb para t\u00eb Rrjetit Shtet\u00ebror Gravimetrik. \u00a0<\/p><p>\u00a0\u00a0<\/p><\/div>\n\t\t\t\t<\/div>\n\t\t\t\t<\/div>\n\t\t\t\t\t\t<\/div>\n\t\t\t\t\t<\/div>\n\t\t<\/div>\n\t\t\t\t\t\t\t\t<\/div>\n\t\t\t\t\t<\/div>\n\t\t<\/section>\n\t\t\t\t\t\t<\/div>\n\t\t\t\t\t\t<\/div>\n\t\t\t\t\t<\/div>\n\t\t","protected":false},"excerpt":{"rendered":"<p>HYRJE MBI RRJETET E KRGJSH Miratimi i ligjit nr. 72.2012, \u201cP\u00ebr Organizimin dhe Funksionimin e Infrastruktur\u00ebs Komb\u00ebtare t\u00eb Informacionit Gjeohap\u00ebsinor n\u00eb Republik\u00ebn e Shqip\u00ebris\u00eb\u201d i cili p\u00ebrafron Direktiv\u00ebn INSPIRE 2007\/2 KE t\u00eb Parlamentit Evropian dhe K\u00ebshillit, si dhe krijimi i Autoritetit Shtet\u00ebror p\u00ebr Informacionin Gjeohap\u00ebsinor ASIG, si institucion p\u00ebrgjegj\u00ebs p\u00ebr implementimin e k\u00ebtij ligji, hodhi [&hellip;]<\/p>\n","protected":false},"author":1,"featured_media":0,"parent":0,"menu_order":0,"comment_status":"closed","ping_status":"closed","template":"","meta":[],"_links":{"self":[{"href":"https:\/\/krgjsh.asig.gov.al\/index.php?rest_route=\/wp\/v2\/pages\/1806"}],"collection":[{"href":"https:\/\/krgjsh.asig.gov.al\/index.php?rest_route=\/wp\/v2\/pages"}],"about":[{"href":"https:\/\/krgjsh.asig.gov.al\/index.php?rest_route=\/wp\/v2\/types\/page"}],"author":[{"embeddable":true,"href":"https:\/\/krgjsh.asig.gov.al\/index.php?rest_route=\/wp\/v2\/users\/1"}],"replies":[{"embeddable":true,"href":"https:\/\/krgjsh.asig.gov.al\/index.php?rest_route=%2Fwp%2Fv2%2Fcomments&post=1806"}],"version-history":[{"count":3,"href":"https:\/\/krgjsh.asig.gov.al\/index.php?rest_route=\/wp\/v2\/pages\/1806\/revisions"}],"predecessor-version":[{"id":1811,"href":"https:\/\/krgjsh.asig.gov.al\/index.php?rest_route=\/wp\/v2\/pages\/1806\/revisions\/1811"}],"wp:attachment":[{"href":"https:\/\/krgjsh.asig.gov.al\/index.php?rest_route=%2Fwp%2Fv2%2Fmedia&parent=1806"}],"curies":[{"name":"wp","href":"https:\/\/api.w.org\/{rel}","templated":true}]}}