{"id":1844,"date":"2025-11-12T09:38:37","date_gmt":"2025-11-12T09:38:37","guid":{"rendered":"https:\/\/krgjsh.asig.gov.al\/?page_id=1844"},"modified":"2025-11-12T09:40:58","modified_gmt":"2025-11-12T09:40:58","slug":"te-dhena-gjeohapesinore","status":"publish","type":"page","link":"https:\/\/krgjsh.asig.gov.al\/?page_id=1844","title":{"rendered":"T\u00eb dh\u00ebna gjeohap\u00ebsinore"},"content":{"rendered":"\t\t<div data-elementor-type=\"wp-page\" data-elementor-id=\"1844\" class=\"elementor elementor-1844\" data-elementor-settings=\"[]\">\n\t\t\t\t\t\t<div class=\"elementor-inner\">\n\t\t\t\t\t\t\t<div class=\"elementor-section-wrap\">\n\t\t\t\t\t\t\t<section class=\"elementor-section elementor-top-section elementor-element elementor-element-3e84d20 elementor-section-boxed elementor-section-height-default elementor-section-height-default\" data-id=\"3e84d20\" data-element_type=\"section\">\n\t\t\t\t\t\t<div class=\"elementor-container elementor-column-gap-default\">\n\t\t\t\t\t\t\t<div class=\"elementor-row\">\n\t\t\t\t\t<div class=\"elementor-column elementor-col-100 elementor-top-column elementor-element elementor-element-89ee13a\" data-id=\"89ee13a\" data-element_type=\"column\">\n\t\t\t<div class=\"elementor-column-wrap elementor-element-populated\">\n\t\t\t\t\t\t\t<div class=\"elementor-widget-wrap\">\n\t\t\t\t\t\t<div class=\"elementor-element elementor-element-4973946 elementor-widget elementor-widget-heading\" data-id=\"4973946\" data-element_type=\"widget\" data-widget_type=\"heading.default\">\n\t\t\t\t<div class=\"elementor-widget-container\">\n\t\t\t<h2 class=\"elementor-heading-title elementor-size-default\"><h1 class=\"title-post entry-title\" style=\"display: block; white-space-collapse: collapse;\">T\u00eb dh\u00ebna gjeohap\u00ebsinore<\/h1><\/h2>\t\t<\/div>\n\t\t\t\t<\/div>\n\t\t\t\t\t\t<\/div>\n\t\t\t\t\t<\/div>\n\t\t<\/div>\n\t\t\t\t\t\t\t\t<\/div>\n\t\t\t\t\t<\/div>\n\t\t<\/section>\n\t\t\t\t<section class=\"elementor-section elementor-top-section elementor-element elementor-element-e169161 elementor-section-boxed elementor-section-height-default elementor-section-height-default\" data-id=\"e169161\" data-element_type=\"section\">\n\t\t\t\t\t\t<div class=\"elementor-container elementor-column-gap-default\">\n\t\t\t\t\t\t\t<div class=\"elementor-row\">\n\t\t\t\t\t<div class=\"elementor-column elementor-col-66 elementor-top-column elementor-element elementor-element-cc2e874\" data-id=\"cc2e874\" data-element_type=\"column\">\n\t\t\t<div class=\"elementor-column-wrap elementor-element-populated\">\n\t\t\t\t\t\t\t<div class=\"elementor-widget-wrap\">\n\t\t\t\t\t\t<div class=\"elementor-element elementor-element-8a4d14b elementor-widget elementor-widget-text-editor\" data-id=\"8a4d14b\" data-element_type=\"widget\" data-widget_type=\"text-editor.default\">\n\t\t\t\t<div class=\"elementor-widget-container\">\n\t\t\t\t\t<div class=\"elementor-text-editor elementor-clearfix\"><p>P\u00ebr t\u00eb dh\u00ebnat gjeohap\u00ebsinore m\u00eb t\u00eb detajuara mbi pikat e rrjeteve t\u00eb KRGJSH-s\u00eb, p\u00ebrfshir\u00eb:<\/p><ul><li>Koordinatat n\u00eb plan dhe n\u00eb lart\u00ebsi<\/li><li>Vlerat gravimetrike<\/li><li>Leximet e ndryshimeve t\u00eb nivelit t\u00eb detit, t\u00eb p\u00ebrftuara nga 4 stacionet mareografike t\u00eb vendosura n\u00eb Sh\u00ebngjin, Durr\u00ebs, Orikum dhe Sarand\u00eb<\/li><li>Vlerat magnetike<\/li><\/ul><p>Ju lutemi t\u00eb kontaktoni Autoritetin Shtet\u00ebror p\u00ebr Informacion Gjeohap\u00ebsinor (ASIG) n\u00eb adres\u00ebn e emailit:<\/p><p>\ud83d\udce7 <b><a href=\"mailto:info.albcors@asig.gov.al\">info.albcors@asig.gov.al<\/a><\/b><\/p><\/div>\n\t\t\t\t<\/div>\n\t\t\t\t<\/div>\n\t\t\t\t\t\t<\/div>\n\t\t\t\t\t<\/div>\n\t\t<\/div>\n\t\t\t\t<div class=\"elementor-column elementor-col-33 elementor-top-column elementor-element elementor-element-f60b512\" data-id=\"f60b512\" data-element_type=\"column\">\n\t\t\t<div class=\"elementor-column-wrap elementor-element-populated\">\n\t\t\t\t\t\t\t<div class=\"elementor-widget-wrap\">\n\t\t\t\t\t\t<div class=\"elementor-element elementor-element-af8f8c7 elementor-widget elementor-widget-image\" data-id=\"af8f8c7\" data-element_type=\"widget\" data-widget_type=\"image.default\">\n\t\t\t\t<div class=\"elementor-widget-container\">\n\t\t\t\t\t<div class=\"elementor-image\">\n\t\t\t\t\t\t\t\t\t\t\t<a href=\"https:\/\/krgjsh.asig.gov.al\/wp-content\/uploads\/2025\/11\/All_NETWORKS-1.jpg\" data-elementor-open-lightbox=\"yes\" data-elementor-lightbox-title=\"All_NETWORKS-1\">\n\t\t\t\t\t\t\t<img width=\"230\" height=\"325\" src=\"https:\/\/krgjsh.asig.gov.al\/wp-content\/uploads\/2025\/11\/All_NETWORKS-1.jpg\" class=\"attachment-large size-large\" alt=\"\" loading=\"lazy\" srcset=\"https:\/\/krgjsh.asig.gov.al\/wp-content\/uploads\/2025\/11\/All_NETWORKS-1.jpg 230w, https:\/\/krgjsh.asig.gov.al\/wp-content\/uploads\/2025\/11\/All_NETWORKS-1-212x300.jpg 212w\" sizes=\"(max-width: 230px) 100vw, 230px\" \/>\t\t\t\t\t\t\t\t<\/a>\n\t\t\t\t\t\t\t\t\t\t\t<\/div>\n\t\t\t\t<\/div>\n\t\t\t\t<\/div>\n\t\t\t\t\t\t<\/div>\n\t\t\t\t\t<\/div>\n\t\t<\/div>\n\t\t\t\t\t\t\t\t<\/div>\n\t\t\t\t\t<\/div>\n\t\t<\/section>\n\t\t\t\t\t\t<\/div>\n\t\t\t\t\t\t<\/div>\n\t\t\t\t\t<\/div>\n\t\t","protected":false},"excerpt":{"rendered":"<p>T\u00eb dh\u00ebna gjeohap\u00ebsinore P\u00ebr t\u00eb dh\u00ebnat gjeohap\u00ebsinore m\u00eb t\u00eb detajuara mbi pikat e rrjeteve t\u00eb KRGJSH-s\u00eb, p\u00ebrfshir\u00eb: Koordinatat n\u00eb plan dhe n\u00eb lart\u00ebsi Vlerat gravimetrike Leximet e ndryshimeve t\u00eb nivelit t\u00eb detit, t\u00eb p\u00ebrftuara nga 4 stacionet mareografike t\u00eb vendosura n\u00eb Sh\u00ebngjin, Durr\u00ebs, Orikum dhe Sarand\u00eb Vlerat magnetike Ju lutemi t\u00eb kontaktoni Autoritetin Shtet\u00ebror p\u00ebr [&hellip;]<\/p>\n","protected":false},"author":1,"featured_media":0,"parent":0,"menu_order":0,"comment_status":"closed","ping_status":"closed","template":"","meta":[],"_links":{"self":[{"href":"https:\/\/krgjsh.asig.gov.al\/index.php?rest_route=\/wp\/v2\/pages\/1844"}],"collection":[{"href":"https:\/\/krgjsh.asig.gov.al\/index.php?rest_route=\/wp\/v2\/pages"}],"about":[{"href":"https:\/\/krgjsh.asig.gov.al\/index.php?rest_route=\/wp\/v2\/types\/page"}],"author":[{"embeddable":true,"href":"https:\/\/krgjsh.asig.gov.al\/index.php?rest_route=\/wp\/v2\/users\/1"}],"replies":[{"embeddable":true,"href":"https:\/\/krgjsh.asig.gov.al\/index.php?rest_route=%2Fwp%2Fv2%2Fcomments&post=1844"}],"version-history":[{"count":3,"href":"https:\/\/krgjsh.asig.gov.al\/index.php?rest_route=\/wp\/v2\/pages\/1844\/revisions"}],"predecessor-version":[{"id":1848,"href":"https:\/\/krgjsh.asig.gov.al\/index.php?rest_route=\/wp\/v2\/pages\/1844\/revisions\/1848"}],"wp:attachment":[{"href":"https:\/\/krgjsh.asig.gov.al\/index.php?rest_route=%2Fwp%2Fv2%2Fmedia&parent=1844"}],"curies":[{"name":"wp","href":"https:\/\/api.w.org\/{rel}","templated":true}]}}