{"id":1862,"date":"2025-11-12T11:23:32","date_gmt":"2025-11-12T11:23:32","guid":{"rendered":"https:\/\/krgjsh.asig.gov.al\/?page_id=1862"},"modified":"2025-11-13T13:18:31","modified_gmt":"2025-11-13T13:18:31","slug":"pjesemarrje-nderkombetare","status":"publish","type":"page","link":"https:\/\/krgjsh.asig.gov.al\/?page_id=1862","title":{"rendered":"Pjes\u00ebmarrje Nd\u00ebrkomb\u00ebtare"},"content":{"rendered":"\t\t<div data-elementor-type=\"wp-page\" data-elementor-id=\"1862\" class=\"elementor elementor-1862\" data-elementor-settings=\"[]\">\n\t\t\t\t\t\t<div class=\"elementor-inner\">\n\t\t\t\t\t\t\t<div class=\"elementor-section-wrap\">\n\t\t\t\t\t\t\t<section class=\"elementor-section elementor-top-section elementor-element elementor-element-316cf28 elementor-section-boxed elementor-section-height-default elementor-section-height-default\" data-id=\"316cf28\" data-element_type=\"section\">\n\t\t\t\t\t\t<div class=\"elementor-container elementor-column-gap-default\">\n\t\t\t\t\t\t\t<div class=\"elementor-row\">\n\t\t\t\t\t<div class=\"elementor-column elementor-col-100 elementor-top-column elementor-element elementor-element-5fcd27e\" data-id=\"5fcd27e\" data-element_type=\"column\">\n\t\t\t<div class=\"elementor-column-wrap elementor-element-populated\">\n\t\t\t\t\t\t\t<div class=\"elementor-widget-wrap\">\n\t\t\t\t\t\t<div class=\"elementor-element elementor-element-6d90cfa elementor-invisible elementor-widget elementor-widget-heading\" data-id=\"6d90cfa\" data-element_type=\"widget\" data-settings=\"{&quot;_animation&quot;:&quot;fadeInRight&quot;}\" data-widget_type=\"heading.default\">\n\t\t\t\t<div class=\"elementor-widget-container\">\n\t\t\t<h2 class=\"elementor-heading-title elementor-size-default\"><h2 class=\"elementor-heading-title elementor-size-default elementor-inline-editing\" data-elementor-setting-key=\"title\" style=\"box-sizing: border-box; font: 600 42px \/ 1 Raleway; color: rgb(139, 28, 28); margin: 0px; padding: 0px; position: relative; outline: none; white-space: pre-wrap; min-height: 15px; letter-spacing: normal; orphans: 2; text-align: start; text-indent: 0px; text-transform: none; widows: 2; word-spacing: 0px; -webkit-text-stroke-width: 0px; background-color: rgb(255, 255, 255); text-decoration-thickness: initial; text-decoration-style: initial; text-decoration-color: initial;\"><\/h2><h2 class=\"elementor-heading-title elementor-size-default elementor-inline-editing pen\" data-elementor-setting-key=\"title\" contenteditable=\"true\" data-pen-placeholder=\"Type Here...\" style=\"box-sizing: border-box; font: 600 42px \/ 1 Raleway; color: rgb(139, 28, 28); margin: 0px; padding: 0px; position: relative; outline: none; white-space: pre-wrap; min-height: 15px; letter-spacing: normal; orphans: 2; text-align: start; text-indent: 0px; text-transform: none; widows: 2; word-spacing: 0px; -webkit-text-stroke-width: 0px; background-color: rgb(255, 255, 255); text-decoration-thickness: initial; text-decoration-style: initial; text-decoration-color: initial;\">Pjes\u00ebmarrje Nd\u00ebrkomb\u00ebtare<\/h2><\/h2>\t\t<\/div>\n\t\t\t\t<\/div>\n\t\t\t\t\t\t<\/div>\n\t\t\t\t\t<\/div>\n\t\t<\/div>\n\t\t\t\t\t\t\t\t<\/div>\n\t\t\t\t\t<\/div>\n\t\t<\/section>\n\t\t\t\t<section class=\"elementor-section elementor-top-section elementor-element elementor-element-3e3fe72 elementor-section-boxed elementor-section-height-default elementor-section-height-default\" data-id=\"3e3fe72\" data-element_type=\"section\">\n\t\t\t\t\t\t<div class=\"elementor-container elementor-column-gap-default\">\n\t\t\t\t\t\t\t<div class=\"elementor-row\">\n\t\t\t\t\t<div class=\"elementor-column elementor-col-100 elementor-top-column elementor-element elementor-element-85eab1c\" data-id=\"85eab1c\" data-element_type=\"column\">\n\t\t\t<div class=\"elementor-column-wrap elementor-element-populated\">\n\t\t\t\t\t\t\t<div class=\"elementor-widget-wrap\">\n\t\t\t\t\t\t<div class=\"elementor-element elementor-element-deeaaec elementor-widget elementor-widget-divider\" data-id=\"deeaaec\" data-element_type=\"widget\" data-widget_type=\"divider.default\">\n\t\t\t\t<div class=\"elementor-widget-container\">\n\t\t\t\t\t<div class=\"elementor-divider\">\n\t\t\t<span class=\"elementor-divider-separator\">\n\t\t\t\t\t\t<\/span>\n\t\t<\/div>\n\t\t\t\t<\/div>\n\t\t\t\t<\/div>\n\t\t\t\t\t\t<\/div>\n\t\t\t\t\t<\/div>\n\t\t<\/div>\n\t\t\t\t\t\t\t\t<\/div>\n\t\t\t\t\t<\/div>\n\t\t<\/section>\n\t\t\t\t<section class=\"elementor-section elementor-top-section elementor-element elementor-element-8e9f414 elementor-section-boxed elementor-section-height-default elementor-section-height-default\" data-id=\"8e9f414\" data-element_type=\"section\">\n\t\t\t\t\t\t<div class=\"elementor-container elementor-column-gap-default\">\n\t\t\t\t\t\t\t<div class=\"elementor-row\">\n\t\t\t\t\t<div class=\"elementor-column elementor-col-33 elementor-top-column elementor-element elementor-element-1210fb2\" data-id=\"1210fb2\" data-element_type=\"column\">\n\t\t\t<div class=\"elementor-column-wrap elementor-element-populated\">\n\t\t\t\t\t\t\t<div class=\"elementor-widget-wrap\">\n\t\t\t\t\t\t<div class=\"elementor-element elementor-element-dd823b0 elementor-widget elementor-widget-image\" data-id=\"dd823b0\" data-element_type=\"widget\" data-widget_type=\"image.default\">\n\t\t\t\t<div class=\"elementor-widget-container\">\n\t\t\t\t\t<div class=\"elementor-image\">\n\t\t\t\t\t\t\t\t\t\t\t<a href=\"https:\/\/asig.gov.al\/asig-merr-pjese-ne-simpoziumin-euref-2024\/\">\n\t\t\t\t\t\t\t<img width=\"300\" height=\"169\" src=\"https:\/\/krgjsh.asig.gov.al\/wp-content\/uploads\/2025\/11\/sImpoziumEUREF1-300x169.jpg\" class=\"attachment-medium size-medium\" alt=\"\" loading=\"lazy\" srcset=\"https:\/\/krgjsh.asig.gov.al\/wp-content\/uploads\/2025\/11\/sImpoziumEUREF1-300x169.jpg 300w, https:\/\/krgjsh.asig.gov.al\/wp-content\/uploads\/2025\/11\/sImpoziumEUREF1-1024x577.jpg 1024w, https:\/\/krgjsh.asig.gov.al\/wp-content\/uploads\/2025\/11\/sImpoziumEUREF1-768x432.jpg 768w, https:\/\/krgjsh.asig.gov.al\/wp-content\/uploads\/2025\/11\/sImpoziumEUREF1-1536x865.jpg 1536w, https:\/\/krgjsh.asig.gov.al\/wp-content\/uploads\/2025\/11\/sImpoziumEUREF1-830x467.jpg 830w, https:\/\/krgjsh.asig.gov.al\/wp-content\/uploads\/2025\/11\/sImpoziumEUREF1-230x129.jpg 230w, https:\/\/krgjsh.asig.gov.al\/wp-content\/uploads\/2025\/11\/sImpoziumEUREF1-350x197.jpg 350w, https:\/\/krgjsh.asig.gov.al\/wp-content\/uploads\/2025\/11\/sImpoziumEUREF1-480x270.jpg 480w, https:\/\/krgjsh.asig.gov.al\/wp-content\/uploads\/2025\/11\/sImpoziumEUREF1.jpg 2048w\" sizes=\"(max-width: 300px) 100vw, 300px\" \/>\t\t\t\t\t\t\t\t<\/a>\n\t\t\t\t\t\t\t\t\t\t\t<\/div>\n\t\t\t\t<\/div>\n\t\t\t\t<\/div>\n\t\t\t\t\t\t<\/div>\n\t\t\t\t\t<\/div>\n\t\t<\/div>\n\t\t\t\t<div class=\"elementor-column elementor-col-66 elementor-top-column elementor-element elementor-element-8494c21\" data-id=\"8494c21\" data-element_type=\"column\">\n\t\t\t<div class=\"elementor-column-wrap elementor-element-populated\">\n\t\t\t\t\t\t\t<div class=\"elementor-widget-wrap\">\n\t\t\t\t\t\t<div class=\"elementor-element elementor-element-21da6b7 elementor-invisible elementor-widget elementor-widget-heading\" data-id=\"21da6b7\" data-element_type=\"widget\" data-settings=\"{&quot;_animation&quot;:&quot;fadeInRight&quot;}\" data-widget_type=\"heading.default\">\n\t\t\t\t<div class=\"elementor-widget-container\">\n\t\t\t<h2 class=\"elementor-heading-title elementor-size-default\"><a href=\"https:\/\/asig.gov.al\/asig-merr-pjese-ne-simpoziumin-euref-2024\/\"><h5 class=\"elementor-heading-title elementor-size-default elementor-inline-editing pen\" data-elementor-setting-key=\"title\" contenteditable=\"true\" data-pen-placeholder=\"Type Here...\" style=\"box-sizing: border-box; font: 600 20px \/ 1 Raleway; color: rgb(38, 50, 70); margin: 0px; padding: 0px; position: relative; outline: none; white-space: pre-wrap; min-height: 15px; letter-spacing: normal; orphans: 2; text-align: start; text-indent: 0px; text-transform: none; widows: 2; word-spacing: 0px; -webkit-text-stroke-width: 0px; background-color: rgb(255, 255, 255); text-decoration-thickness: initial; text-decoration-style: initial; text-decoration-color: initial;\">ASIG merr pjes\u00eb n\u00eb simpoziumin EUREF 2024<\/h5><\/a><\/h2>\t\t<\/div>\n\t\t\t\t<\/div>\n\t\t\t\t<div class=\"elementor-element elementor-element-9116226 elementor-widget elementor-widget-text-editor\" data-id=\"9116226\" data-element_type=\"widget\" data-widget_type=\"text-editor.default\">\n\t\t\t\t<div class=\"elementor-widget-container\">\n\t\t\t\t\t<div class=\"elementor-text-editor elementor-clearfix\"><p><a href=\"https:\/\/asig.gov.al\/asig-merr-pjese-ne-simpoziumin-euref-2024\/\"><span style=\"color: #000000;\">P\u00ebrfaq\u00ebsues t\u00eb Autoriteti Shtet\u00ebror p\u00ebr Informacionin Gjeohap\u00ebsinor (ASIG) nga Sektori i Korniz\u00ebs Referuese Gjeodezike dhe Sektori i Infrastruktur\u00ebs s\u00eb Sistemeve CORS mor\u00ebn pjes\u00eb n\u00eb Simpoziumin EUREF 2024 i cili u zhvillua n\u00eb Barcelon\u00eb t\u00eb Spanj\u00ebs, n\u00eb datat 5-7 Qershor 2024.<\/span><\/a><\/p><\/div>\n\t\t\t\t<\/div>\n\t\t\t\t<\/div>\n\t\t\t\t\t\t<\/div>\n\t\t\t\t\t<\/div>\n\t\t<\/div>\n\t\t\t\t\t\t\t\t<\/div>\n\t\t\t\t\t<\/div>\n\t\t<\/section>\n\t\t\t\t<section class=\"elementor-section elementor-top-section elementor-element elementor-element-62ce8c2 elementor-section-boxed elementor-section-height-default elementor-section-height-default\" data-id=\"62ce8c2\" data-element_type=\"section\">\n\t\t\t\t\t\t<div class=\"elementor-container elementor-column-gap-default\">\n\t\t\t\t\t\t\t<div class=\"elementor-row\">\n\t\t\t\t\t<div class=\"elementor-column elementor-col-100 elementor-top-column elementor-element elementor-element-7100743\" data-id=\"7100743\" data-element_type=\"column\">\n\t\t\t<div class=\"elementor-column-wrap elementor-element-populated\">\n\t\t\t\t\t\t\t<div class=\"elementor-widget-wrap\">\n\t\t\t\t\t\t<div class=\"elementor-element elementor-element-c70abf5 elementor-widget elementor-widget-divider\" data-id=\"c70abf5\" data-element_type=\"widget\" data-widget_type=\"divider.default\">\n\t\t\t\t<div class=\"elementor-widget-container\">\n\t\t\t\t\t<div class=\"elementor-divider\">\n\t\t\t<span class=\"elementor-divider-separator\">\n\t\t\t\t\t\t<\/span>\n\t\t<\/div>\n\t\t\t\t<\/div>\n\t\t\t\t<\/div>\n\t\t\t\t\t\t<\/div>\n\t\t\t\t\t<\/div>\n\t\t<\/div>\n\t\t\t\t\t\t\t\t<\/div>\n\t\t\t\t\t<\/div>\n\t\t<\/section>\n\t\t\t\t<section class=\"elementor-section elementor-top-section elementor-element elementor-element-9e2f193 elementor-section-boxed elementor-section-height-default elementor-section-height-default\" data-id=\"9e2f193\" data-element_type=\"section\">\n\t\t\t\t\t\t<div class=\"elementor-container elementor-column-gap-default\">\n\t\t\t\t\t\t\t<div class=\"elementor-row\">\n\t\t\t\t\t<div class=\"elementor-column elementor-col-33 elementor-top-column elementor-element elementor-element-6ff046a\" data-id=\"6ff046a\" data-element_type=\"column\">\n\t\t\t<div class=\"elementor-column-wrap elementor-element-populated\">\n\t\t\t\t\t\t\t<div class=\"elementor-widget-wrap\">\n\t\t\t\t\t\t<div class=\"elementor-element elementor-element-77dc0c7 elementor-widget elementor-widget-image\" data-id=\"77dc0c7\" data-element_type=\"widget\" data-widget_type=\"image.default\">\n\t\t\t\t<div class=\"elementor-widget-container\">\n\t\t\t\t\t<div class=\"elementor-image\">\n\t\t\t\t\t\t\t\t\t\t\t<a href=\"https:\/\/asig.gov.al\/12672-2\/\">\n\t\t\t\t\t\t\t<img width=\"300\" height=\"168\" src=\"https:\/\/krgjsh.asig.gov.al\/wp-content\/uploads\/2025\/11\/GGHS1-300x168.jpg\" class=\"attachment-medium size-medium\" alt=\"\" loading=\"lazy\" srcset=\"https:\/\/krgjsh.asig.gov.al\/wp-content\/uploads\/2025\/11\/GGHS1-300x168.jpg 300w, https:\/\/krgjsh.asig.gov.al\/wp-content\/uploads\/2025\/11\/GGHS1-1024x573.jpg 1024w, https:\/\/krgjsh.asig.gov.al\/wp-content\/uploads\/2025\/11\/GGHS1-768x430.jpg 768w, https:\/\/krgjsh.asig.gov.al\/wp-content\/uploads\/2025\/11\/GGHS1-830x464.jpg 830w, https:\/\/krgjsh.asig.gov.al\/wp-content\/uploads\/2025\/11\/GGHS1-230x129.jpg 230w, https:\/\/krgjsh.asig.gov.al\/wp-content\/uploads\/2025\/11\/GGHS1-350x196.jpg 350w, https:\/\/krgjsh.asig.gov.al\/wp-content\/uploads\/2025\/11\/GGHS1-480x268.jpg 480w, https:\/\/krgjsh.asig.gov.al\/wp-content\/uploads\/2025\/11\/GGHS1.jpg 1164w\" sizes=\"(max-width: 300px) 100vw, 300px\" \/>\t\t\t\t\t\t\t\t<\/a>\n\t\t\t\t\t\t\t\t\t\t\t<\/div>\n\t\t\t\t<\/div>\n\t\t\t\t<\/div>\n\t\t\t\t\t\t<\/div>\n\t\t\t\t\t<\/div>\n\t\t<\/div>\n\t\t\t\t<div class=\"elementor-column elementor-col-66 elementor-top-column elementor-element elementor-element-6013b65\" data-id=\"6013b65\" data-element_type=\"column\">\n\t\t\t<div class=\"elementor-column-wrap elementor-element-populated\">\n\t\t\t\t\t\t\t<div class=\"elementor-widget-wrap\">\n\t\t\t\t\t\t<div class=\"elementor-element elementor-element-b0b1dd0 elementor-invisible elementor-widget elementor-widget-heading\" data-id=\"b0b1dd0\" data-element_type=\"widget\" data-settings=\"{&quot;_animation&quot;:&quot;fadeInRight&quot;}\" data-widget_type=\"heading.default\">\n\t\t\t\t<div class=\"elementor-widget-container\">\n\t\t\t<h2 class=\"elementor-heading-title elementor-size-default\"><a href=\"https:\/\/asig.gov.al\/12672-2\/\"><h5 class=\"elementor-heading-title elementor-size-default elementor-inline-editing pen\" data-elementor-setting-key=\"title\" contenteditable=\"true\" data-pen-placeholder=\"Type Here...\" style=\"box-sizing: border-box; font: 600 20px \/ 1 Raleway; color: rgb(38, 50, 70); margin: 0px; padding: 0px; position: relative; outline: none; white-space: pre-wrap; min-height: 15px; letter-spacing: normal; orphans: 2; text-align: start; text-indent: 0px; text-transform: none; widows: 2; word-spacing: 0px; -webkit-text-stroke-width: 0px; background-color: rgb(255, 255, 255); text-decoration-thickness: initial; text-decoration-style: initial; text-decoration-color: initial;\">ASIG merr pjes\u00eb n\u00eb Simpoziumin GGHS 2024<\/h5><\/a><\/h2>\t\t<\/div>\n\t\t\t\t<\/div>\n\t\t\t\t<div class=\"elementor-element elementor-element-d31a09d elementor-widget elementor-widget-text-editor\" data-id=\"d31a09d\" data-element_type=\"widget\" data-widget_type=\"text-editor.default\">\n\t\t\t\t<div class=\"elementor-widget-container\">\n\t\t\t\t\t<div class=\"elementor-text-editor elementor-clearfix\"><p><a href=\"https:\/\/asig.gov.al\/12672-2\/\"><span style=\"color: #000000;\">P\u00ebrfaq\u00ebsues t\u00eb Autoriteti Shtet\u00ebror p\u00ebr Informacionin Gjeohap\u00ebsinor (ASIG) t\u00eb kryesuar nga Drejtori i Drejtoris\u00eb s\u00eb Gjeodezis\u00eb dhe Hartografis\u00eb z. Kristaq Qirko, mor\u00ebn pjes\u00eb n\u00eb Simpoziumin Nd\u00ebrkomb\u00ebtar t\u00eb GGHS 2024 \u201cGraviteti, Gjeoidi, Sistemet e Lart\u00ebsive 2024\u201d, t\u00eb mbajtur n\u00eb datat 4-6 Shtator 2024, n\u00eb Selanik, Greqi pran\u00eb Qendr\u00ebs s\u00eb Shp\u00ebrndarjes K\u00ebrkimore, t\u00eb Universitetit Aristoteli t\u00eb Selanikut (KEDEA).<\/span><\/a><\/p><\/div>\n\t\t\t\t<\/div>\n\t\t\t\t<\/div>\n\t\t\t\t\t\t<\/div>\n\t\t\t\t\t<\/div>\n\t\t<\/div>\n\t\t\t\t\t\t\t\t<\/div>\n\t\t\t\t\t<\/div>\n\t\t<\/section>\n\t\t\t\t<section class=\"elementor-section elementor-top-section elementor-element elementor-element-c4fc051 elementor-section-boxed elementor-section-height-default elementor-section-height-default\" data-id=\"c4fc051\" data-element_type=\"section\">\n\t\t\t\t\t\t<div class=\"elementor-container elementor-column-gap-default\">\n\t\t\t\t\t\t\t<div class=\"elementor-row\">\n\t\t\t\t\t<div class=\"elementor-column elementor-col-100 elementor-top-column elementor-element elementor-element-03d901b\" data-id=\"03d901b\" data-element_type=\"column\">\n\t\t\t<div class=\"elementor-column-wrap elementor-element-populated\">\n\t\t\t\t\t\t\t<div class=\"elementor-widget-wrap\">\n\t\t\t\t\t\t<div class=\"elementor-element elementor-element-9d0f0aa elementor-widget elementor-widget-divider\" data-id=\"9d0f0aa\" data-element_type=\"widget\" data-widget_type=\"divider.default\">\n\t\t\t\t<div class=\"elementor-widget-container\">\n\t\t\t\t\t<div class=\"elementor-divider\">\n\t\t\t<span class=\"elementor-divider-separator\">\n\t\t\t\t\t\t<\/span>\n\t\t<\/div>\n\t\t\t\t<\/div>\n\t\t\t\t<\/div>\n\t\t\t\t\t\t<\/div>\n\t\t\t\t\t<\/div>\n\t\t<\/div>\n\t\t\t\t\t\t\t\t<\/div>\n\t\t\t\t\t<\/div>\n\t\t<\/section>\n\t\t\t\t<section class=\"elementor-section elementor-top-section elementor-element elementor-element-19fb8f9 elementor-section-boxed elementor-section-height-default elementor-section-height-default\" data-id=\"19fb8f9\" data-element_type=\"section\">\n\t\t\t\t\t\t<div class=\"elementor-container elementor-column-gap-default\">\n\t\t\t\t\t\t\t<div class=\"elementor-row\">\n\t\t\t\t\t<div class=\"elementor-column elementor-col-33 elementor-top-column elementor-element elementor-element-e1ba383\" data-id=\"e1ba383\" data-element_type=\"column\">\n\t\t\t<div class=\"elementor-column-wrap elementor-element-populated\">\n\t\t\t\t\t\t\t<div class=\"elementor-widget-wrap\">\n\t\t\t\t\t\t<div class=\"elementor-element elementor-element-b6d4794 elementor-widget elementor-widget-image\" data-id=\"b6d4794\" data-element_type=\"widget\" data-widget_type=\"image.default\">\n\t\t\t\t<div class=\"elementor-widget-container\">\n\t\t\t\t\t<div class=\"elementor-image\">\n\t\t\t\t\t\t\t\t\t\t\t<a href=\"https:\/\/asig.gov.al\/asig-merr-pjese-ne-simpoziumin-euref-2023\/\">\n\t\t\t\t\t\t\t<img width=\"300\" height=\"225\" src=\"https:\/\/krgjsh.asig.gov.al\/wp-content\/uploads\/2025\/11\/EUREF1-300x225.jpg\" class=\"attachment-medium size-medium\" alt=\"\" loading=\"lazy\" srcset=\"https:\/\/krgjsh.asig.gov.al\/wp-content\/uploads\/2025\/11\/EUREF1-300x225.jpg 300w, https:\/\/krgjsh.asig.gov.al\/wp-content\/uploads\/2025\/11\/EUREF1-1024x768.jpg 1024w, https:\/\/krgjsh.asig.gov.al\/wp-content\/uploads\/2025\/11\/EUREF1-768x576.jpg 768w, https:\/\/krgjsh.asig.gov.al\/wp-content\/uploads\/2025\/11\/EUREF1-1536x1152.jpg 1536w, https:\/\/krgjsh.asig.gov.al\/wp-content\/uploads\/2025\/11\/EUREF1-830x623.jpg 830w, https:\/\/krgjsh.asig.gov.al\/wp-content\/uploads\/2025\/11\/EUREF1-230x173.jpg 230w, https:\/\/krgjsh.asig.gov.al\/wp-content\/uploads\/2025\/11\/EUREF1-350x263.jpg 350w, https:\/\/krgjsh.asig.gov.al\/wp-content\/uploads\/2025\/11\/EUREF1-480x360.jpg 480w, https:\/\/krgjsh.asig.gov.al\/wp-content\/uploads\/2025\/11\/EUREF1.jpg 1600w\" sizes=\"(max-width: 300px) 100vw, 300px\" \/>\t\t\t\t\t\t\t\t<\/a>\n\t\t\t\t\t\t\t\t\t\t\t<\/div>\n\t\t\t\t<\/div>\n\t\t\t\t<\/div>\n\t\t\t\t\t\t<\/div>\n\t\t\t\t\t<\/div>\n\t\t<\/div>\n\t\t\t\t<div class=\"elementor-column elementor-col-66 elementor-top-column elementor-element elementor-element-f875cfc\" data-id=\"f875cfc\" data-element_type=\"column\">\n\t\t\t<div class=\"elementor-column-wrap elementor-element-populated\">\n\t\t\t\t\t\t\t<div class=\"elementor-widget-wrap\">\n\t\t\t\t\t\t<div class=\"elementor-element elementor-element-4810d9e elementor-invisible elementor-widget elementor-widget-text-editor\" data-id=\"4810d9e\" data-element_type=\"widget\" data-settings=\"{&quot;_animation&quot;:&quot;fadeInRight&quot;}\" data-widget_type=\"text-editor.default\">\n\t\t\t\t<div class=\"elementor-widget-container\">\n\t\t\t\t\t<div class=\"elementor-text-editor elementor-clearfix\"><\/div>\n\t\t\t\t<\/div>\n\t\t\t\t<\/div>\n\t\t\t\t<div class=\"elementor-element elementor-element-307ccd4 elementor-invisible elementor-widget elementor-widget-heading\" data-id=\"307ccd4\" data-element_type=\"widget\" data-settings=\"{&quot;_animation&quot;:&quot;fadeInRight&quot;}\" data-widget_type=\"heading.default\">\n\t\t\t\t<div class=\"elementor-widget-container\">\n\t\t\t<h2 class=\"elementor-heading-title elementor-size-default\"><a href=\"https:\/\/asig.gov.al\/asig-merr-pjese-ne-simpoziumin-euref-2023\/\"><h5 class=\"elementor-heading-title elementor-size-default elementor-inline-editing pen\" data-elementor-setting-key=\"title\" contenteditable=\"true\" data-pen-placeholder=\"Type Here...\" style=\"box-sizing: border-box; font: 600 20px \/ 1 Raleway; color: rgb(38, 50, 70); margin: 0px; padding: 0px; position: relative; outline: none; white-space: pre-wrap; min-height: 15px; letter-spacing: normal; orphans: 2; text-align: start; text-indent: 0px; text-transform: none; widows: 2; word-spacing: 0px; -webkit-text-stroke-width: 0px; background-color: rgb(255, 255, 255); text-decoration-thickness: initial; text-decoration-style: initial; text-decoration-color: initial;\">ASIG merr pjes\u00eb n\u00eb Simpoziumin EUREF 2023\n<\/h5><\/a><\/h2>\t\t<\/div>\n\t\t\t\t<\/div>\n\t\t\t\t<div class=\"elementor-element elementor-element-f9800d6 elementor-widget elementor-widget-text-editor\" data-id=\"f9800d6\" data-element_type=\"widget\" data-widget_type=\"text-editor.default\">\n\t\t\t\t<div class=\"elementor-widget-container\">\n\t\t\t\t\t<div class=\"elementor-text-editor elementor-clearfix\"><p><a href=\"https:\/\/asig.gov.al\/asig-merr-pjese-ne-simpoziumin-euref-2023\/\"><span style=\"color: #000000;\">N\u00eb simpoziumin e organizuar nga n\u00ebnkomisioni i Shoqat\u00ebs Nd\u00ebrkomb\u00ebtare t\u00eb Gjeodet\u00ebve p\u00ebr Europ\u00ebn \u201cEUREF\u201d, i cili u mbajt n\u00eb Gothenburg t\u00eb Suedis\u00eb, m\u00eb 23-26 maj 2023, Autoriteti Shtet\u00ebror p\u00ebr Informacionin Gjeohap\u00ebsinor (ASIG), u p\u00ebrfaq\u00ebsua nga z. Oltjon Balliu, p\u00ebrgjegj\u00ebs i sektorit t\u00eb Korniz\u00ebs Referuese Gjeodezike dhe z. Lu\u00e7iano Kasneci specialist i k\u00ebtij sektori.\u00a0<\/span><\/a><\/p><\/div>\n\t\t\t\t<\/div>\n\t\t\t\t<\/div>\n\t\t\t\t\t\t<\/div>\n\t\t\t\t\t<\/div>\n\t\t<\/div>\n\t\t\t\t\t\t\t\t<\/div>\n\t\t\t\t\t<\/div>\n\t\t<\/section>\n\t\t\t\t<section class=\"elementor-section elementor-top-section elementor-element elementor-element-0029edb elementor-section-boxed elementor-section-height-default elementor-section-height-default\" data-id=\"0029edb\" data-element_type=\"section\">\n\t\t\t\t\t\t<div class=\"elementor-container elementor-column-gap-default\">\n\t\t\t\t\t\t\t<div class=\"elementor-row\">\n\t\t\t\t\t<div class=\"elementor-column elementor-col-100 elementor-top-column elementor-element elementor-element-fa4a383\" data-id=\"fa4a383\" data-element_type=\"column\">\n\t\t\t<div class=\"elementor-column-wrap elementor-element-populated\">\n\t\t\t\t\t\t\t<div class=\"elementor-widget-wrap\">\n\t\t\t\t\t\t<div class=\"elementor-element elementor-element-cb27051 elementor-widget elementor-widget-divider\" data-id=\"cb27051\" data-element_type=\"widget\" data-widget_type=\"divider.default\">\n\t\t\t\t<div class=\"elementor-widget-container\">\n\t\t\t\t\t<div class=\"elementor-divider\">\n\t\t\t<span class=\"elementor-divider-separator\">\n\t\t\t\t\t\t<\/span>\n\t\t<\/div>\n\t\t\t\t<\/div>\n\t\t\t\t<\/div>\n\t\t\t\t\t\t<\/div>\n\t\t\t\t\t<\/div>\n\t\t<\/div>\n\t\t\t\t\t\t\t\t<\/div>\n\t\t\t\t\t<\/div>\n\t\t<\/section>\n\t\t\t\t\t\t<\/div>\n\t\t\t\t\t\t<\/div>\n\t\t\t\t\t<\/div>\n\t\t","protected":false},"excerpt":{"rendered":"<p>Pjes\u00ebmarrje Nd\u00ebrkomb\u00ebtare ASIG merr pjes\u00eb n\u00eb simpoziumin EUREF 2024 P\u00ebrfaq\u00ebsues t\u00eb Autoriteti Shtet\u00ebror p\u00ebr Informacionin Gjeohap\u00ebsinor (ASIG) nga Sektori i Korniz\u00ebs Referuese Gjeodezike dhe Sektori i Infrastruktur\u00ebs s\u00eb Sistemeve CORS mor\u00ebn pjes\u00eb n\u00eb Simpoziumin EUREF 2024 i cili u zhvillua n\u00eb Barcelon\u00eb t\u00eb Spanj\u00ebs, n\u00eb datat 5-7 Qershor 2024. ASIG merr pjes\u00eb n\u00eb Simpoziumin GGHS [&hellip;]<\/p>\n","protected":false},"author":1,"featured_media":0,"parent":0,"menu_order":0,"comment_status":"closed","ping_status":"closed","template":"","meta":[],"_links":{"self":[{"href":"https:\/\/krgjsh.asig.gov.al\/index.php?rest_route=\/wp\/v2\/pages\/1862"}],"collection":[{"href":"https:\/\/krgjsh.asig.gov.al\/index.php?rest_route=\/wp\/v2\/pages"}],"about":[{"href":"https:\/\/krgjsh.asig.gov.al\/index.php?rest_route=\/wp\/v2\/types\/page"}],"author":[{"embeddable":true,"href":"https:\/\/krgjsh.asig.gov.al\/index.php?rest_route=\/wp\/v2\/users\/1"}],"replies":[{"embeddable":true,"href":"https:\/\/krgjsh.asig.gov.al\/index.php?rest_route=%2Fwp%2Fv2%2Fcomments&post=1862"}],"version-history":[{"count":4,"href":"https:\/\/krgjsh.asig.gov.al\/index.php?rest_route=\/wp\/v2\/pages\/1862\/revisions"}],"predecessor-version":[{"id":1941,"href":"https:\/\/krgjsh.asig.gov.al\/index.php?rest_route=\/wp\/v2\/pages\/1862\/revisions\/1941"}],"wp:attachment":[{"href":"https:\/\/krgjsh.asig.gov.al\/index.php?rest_route=%2Fwp%2Fv2%2Fmedia&parent=1862"}],"curies":[{"name":"wp","href":"https:\/\/api.w.org\/{rel}","templated":true}]}}