{"id":1891,"date":"2025-11-13T10:23:40","date_gmt":"2025-11-13T10:23:40","guid":{"rendered":"https:\/\/krgjsh.asig.gov.al\/?page_id=1891"},"modified":"2025-11-13T11:40:13","modified_gmt":"2025-11-13T11:40:13","slug":"sherbime","status":"publish","type":"page","link":"https:\/\/krgjsh.asig.gov.al\/?page_id=1891","title":{"rendered":"Sh\u00ebrbime"},"content":{"rendered":"\t\t<div data-elementor-type=\"wp-page\" data-elementor-id=\"1891\" class=\"elementor elementor-1891\" data-elementor-settings=\"[]\">\n\t\t\t\t\t\t<div class=\"elementor-inner\">\n\t\t\t\t\t\t\t<div class=\"elementor-section-wrap\">\n\t\t\t\t\t\t\t<section class=\"elementor-section elementor-top-section elementor-element elementor-element-378190b elementor-section-boxed elementor-section-height-default elementor-section-height-default\" data-id=\"378190b\" data-element_type=\"section\">\n\t\t\t\t\t\t<div class=\"elementor-container elementor-column-gap-default\">\n\t\t\t\t\t\t\t<div class=\"elementor-row\">\n\t\t\t\t\t<div class=\"elementor-column elementor-col-100 elementor-top-column elementor-element elementor-element-c050752\" data-id=\"c050752\" data-element_type=\"column\">\n\t\t\t<div class=\"elementor-column-wrap elementor-element-populated\">\n\t\t\t\t\t\t\t<div class=\"elementor-widget-wrap\">\n\t\t\t\t\t\t<div class=\"elementor-element elementor-element-ae07169 elementor-widget elementor-widget-html\" data-id=\"ae07169\" data-element_type=\"widget\" data-widget_type=\"html.default\">\n\t\t\t\t<div class=\"elementor-widget-container\">\n\t\t\t<style>\n  .service-grid {\n    background: #fff;\n    display: flex;\n    justify-content: center;   \/* QENDRIM HORIZONTAL *\/\n    align-items: center;       \/* QENDRIM VERTIKAL *\/\n    gap: 24px;\n    flex-wrap: nowrap;\n    padding: 40px 20px;\n    width: fit-content;        \/* Gjer\u00ebsia fiksohet sipas p\u00ebrmbajtjes *\/\n    margin: 0 auto;            \/* QENDRIM N\u00cb QEND\u00cbR T\u00cb FAQES *\/\n  }\n\n  .service-grid .card {\n    flex: 0 0 230px;\n    display: flex;\n    flex-direction: column;\n    align-items: center;\n    text-align: center;\n    text-decoration: none;\n     background: #ffffff;\n    color: #000;\n    border-radius: 16px;\n    padding: 26px 18px;\n    box-shadow: 0 6px 18px rgba(0, 0, 0, 0.12);\n    transition: transform 0.25s ease, box-shadow 0.25s ease;\n    border: 2px solid #0a70c2; \/* kontur i holl\u00eb blu p\u00ebr ndarje vizuale *\/\n  }\n\n  .service-grid .card:hover {\n    transform: translateY(-4px);\n    box-shadow: 0 10px 25px rgba(0, 0, 0, 0.25);\n  }\n\n  .icon {\n    width: 64px;\n    height: 64px;\n    margin-bottom: 12px;\n    transition: transform 0.6s ease;\n  }\n\n  .service-grid .card:hover .icon {\n    transform: rotate(15deg);\n  }\n\n  .geoicon {\n    animation: pulse 2s infinite ease-in-out;\n  }\n\n  @keyframes pulse {\n    0% { transform: scale(1); opacity: 1; }\n    50% { transform: scale(1.15); opacity: 0.8; }\n    100% { transform: scale(1); opacity: 1; }\n  }\n\n  .title {\n    font-weight: 700;\n    font-size: 1.5rem;\n  }\n\n  .desc {\n    opacity: 0.9;\n    font-size: 0.9rem;\n    margin-top: 6px;\n  }\n\n  @media (max-width: 700px) {\n    .service-grid {\n      flex-wrap: wrap;\n      width: 100%;\n    }\n  }\n<\/style>\n\n<div class=\"service-grid\">\n  <!-- 1\ufe0f\u20e3 Sh\u00ebrbimi CORS -->\n  <a class=\"card\" href=\"https:\/\/krgjsh.asig.gov.al\/?page_id=1832\">\n    <svg class=\"icon\" viewBox=\"0 0 24 24\" fill=\"none\">\n      <circle cx=\"12\" cy=\"12\" r=\"10\" stroke=\"#0a70c2\" stroke-width=\"2\" \/>\n      <path d=\"M4 12h16M12 4v16\" stroke=\"#0a70c2\" stroke-width=\"2\" \/>\n    <\/svg>\n    <div class=\"title\">Sh\u00ebrbimi CORS<\/div>\n  \n  <\/a>\n\n  <!-- 2\ufe0f\u20e3 Sh\u00ebrbimi RINEX -->\n  <a class=\"card\" href=\"https:\/\/krgjsh.asig.gov.al\/?page_id=1837\">\n    <svg class=\"icon\" viewBox=\"0 0 24 24\" fill=\"none\">\n      <path d=\"M6 2h9l5 5v15a1 1 0 0 1-1 1H6a1 1 0 0 1-1-1V3a1 1 0 0 1 1-1z\" stroke=\"#0a70c2\" stroke-width=\"2\" \/>\n      <path d=\"M14 2v6h6\" stroke=\"#0a70c2\" stroke-width=\"2\" \/>\n      <path d=\"M8 13h8M8 17h5\" stroke=\"#0a70c2\" stroke-width=\"2\" \/>\n    <\/svg>\n    <div class=\"title\">Sh\u00ebrbimi RINEX<\/div>\n \n  <\/a>\n\n  <!-- 3\ufe0f\u20e3 T\u00eb dh\u00ebna gjeohap\u00ebsinore -->\n  <a class=\"card\" href=\"https:\/\/krgjsh.asig.gov.al\/?page_id=1844\">\n    <svg class=\"icon geoicon\" viewBox=\"0 0 24 24\" fill=\"none\">\n      <path d=\"M12 21s7-6.5 7-11a7 7 0 1 0-14 0c0 4.5 7 11 7 11z\" stroke=\"#0a70c2\" stroke-width=\"2\" \/>\n      <circle cx=\"12\" cy=\"10\" r=\"2.5\" fill=\"#0a70c2\" \/>\n    <\/svg>\n    <div class=\"title\">T\u00eb dh\u00ebna gjeohap\u00ebsinore<\/div>\n  \n  <\/a>\n\n  <!-- 4\ufe0f\u20e3 Tools -->\n  <a class=\"card\" href=\"https:\/\/krgjsh.asig.gov.al\/?page_id=1849\">\n    <svg class=\"icon\" viewBox=\"0 0 64 64\" fill=\"none\">\n      <g stroke=\"#0a70c2\" stroke-width=\"3\" stroke-linecap=\"round\" stroke-linejoin=\"round\">\n        <circle cx=\"40\" cy=\"24\" r=\"6\" \/>\n        <path d=\"M40 10v4M40 34v4M54 24h-4M30 24h-4M48 14l-3 3M32 30l-3 3M48 34l-3-3M32 18l-3-3\" \/>\n        <circle cx=\"24\" cy=\"40\" r=\"5\" \/>\n        <path d=\"M24 30v3M24 47v3M34 40h-3M17 40h-3M30 33l-2 2M18 47l-2 2M30 47l-2-2M18 33l-2-2\" \/>\n      <\/g>\n    <\/svg>\n    <div class=\"title\">Tools<\/div>\n   \n  <\/a>\n<\/div>\n\n\n\n\n\n\n\n\n\n\n\n\n\n\n\n\n\n\n\n\n\n\n\n\n\n\n\n\n\n\n\n\n\n\n\n\n\n\n\n\n\n\n\n\n\n\n\n\n\n   \t\t<\/div>\n\t\t\t\t<\/div>\n\t\t\t\t\t\t<\/div>\n\t\t\t\t\t<\/div>\n\t\t<\/div>\n\t\t\t\t\t\t\t\t<\/div>\n\t\t\t\t\t<\/div>\n\t\t<\/section>\n\t\t\t\t\t\t<\/div>\n\t\t\t\t\t\t<\/div>\n\t\t\t\t\t<\/div>\n\t\t","protected":false},"excerpt":{"rendered":"<p>Sh\u00ebrbimi CORS Sh\u00ebrbimi RINEX T\u00eb dh\u00ebna gjeohap\u00ebsinore Tools<\/p>\n","protected":false},"author":1,"featured_media":0,"parent":0,"menu_order":0,"comment_status":"closed","ping_status":"closed","template":"","meta":[],"_links":{"self":[{"href":"https:\/\/krgjsh.asig.gov.al\/index.php?rest_route=\/wp\/v2\/pages\/1891"}],"collection":[{"href":"https:\/\/krgjsh.asig.gov.al\/index.php?rest_route=\/wp\/v2\/pages"}],"about":[{"href":"https:\/\/krgjsh.asig.gov.al\/index.php?rest_route=\/wp\/v2\/types\/page"}],"author":[{"embeddable":true,"href":"https:\/\/krgjsh.asig.gov.al\/index.php?rest_route=\/wp\/v2\/users\/1"}],"replies":[{"embeddable":true,"href":"https:\/\/krgjsh.asig.gov.al\/index.php?rest_route=%2Fwp%2Fv2%2Fcomments&post=1891"}],"version-history":[{"count":4,"href":"https:\/\/krgjsh.asig.gov.al\/index.php?rest_route=\/wp\/v2\/pages\/1891\/revisions"}],"predecessor-version":[{"id":1900,"href":"https:\/\/krgjsh.asig.gov.al\/index.php?rest_route=\/wp\/v2\/pages\/1891\/revisions\/1900"}],"wp:attachment":[{"href":"https:\/\/krgjsh.asig.gov.al\/index.php?rest_route=%2Fwp%2Fv2%2Fmedia&parent=1891"}],"curies":[{"name":"wp","href":"https:\/\/api.w.org\/{rel}","templated":true}]}}