{"id":1894,"date":"2025-11-13T10:34:37","date_gmt":"2025-11-13T10:34:37","guid":{"rendered":"https:\/\/krgjsh.asig.gov.al\/?page_id=1894"},"modified":"2025-11-13T12:56:51","modified_gmt":"2025-11-13T12:56:51","slug":"lajme","status":"publish","type":"page","link":"https:\/\/krgjsh.asig.gov.al\/?page_id=1894","title":{"rendered":"Lajme"},"content":{"rendered":"\t\t<div data-elementor-type=\"wp-page\" data-elementor-id=\"1894\" class=\"elementor elementor-1894\" data-elementor-settings=\"[]\">\n\t\t\t\t\t\t<div class=\"elementor-inner\">\n\t\t\t\t\t\t\t<div class=\"elementor-section-wrap\">\n\t\t\t\t\t\t\t<section class=\"elementor-section elementor-top-section elementor-element elementor-element-160c873 elementor-section-boxed elementor-section-height-default elementor-section-height-default\" data-id=\"160c873\" data-element_type=\"section\">\n\t\t\t\t\t\t<div class=\"elementor-container elementor-column-gap-default\">\n\t\t\t\t\t\t\t<div class=\"elementor-row\">\n\t\t\t\t\t<div class=\"elementor-column elementor-col-100 elementor-top-column elementor-element elementor-element-d474942\" data-id=\"d474942\" data-element_type=\"column\">\n\t\t\t<div class=\"elementor-column-wrap elementor-element-populated\">\n\t\t\t\t\t\t\t<div class=\"elementor-widget-wrap\">\n\t\t\t\t\t\t<div class=\"elementor-element elementor-element-17ac38f elementor-widget elementor-widget-html\" data-id=\"17ac38f\" data-element_type=\"widget\" data-widget_type=\"html.default\">\n\t\t\t\t<div class=\"elementor-widget-container\">\n\t\t\t<style>\n  .activity-grid {\n    background: #fff;\n    display: flex;\n    justify-content: center;\n    align-items: center;\n    gap: 30px;\n    flex-wrap: nowrap;\n    padding: 50px 20px;\n    width: fit-content;\n    margin: 0 auto;\n  }\n\n  .activity-grid .card {\n    flex: 0 0 320px;\n    display: flex;\n    flex-direction: column;\n    align-items: center;\n    text-align: center;\n    text-decoration: none;\n    background: #ffffff;\n    color: #000;\n    border-radius: 16px;\n    padding: 40px 25px;\n    border: 2px solid #0a70c2; \/* kontur i holl\u00eb blu p\u00ebr ndarje vizuale *\/\n    box-shadow: 0 6px 18px rgba(0, 0, 0, 0.08);\n    transition: transform 0.25s ease, box-shadow 0.25s ease;\n  }\n\n  .activity-grid .card:hover {\n    transform: translateY(-5px);\n    box-shadow: 0 10px 30px rgba(0, 0, 0, 0.15);\n  }\n\n  .activity-grid .icon {\n    width: 90px;\n    height: 90px;\n    margin-bottom: 18px;\n    transition: transform 0.6s ease;\n  }\n\n  .activity-grid .card:hover .icon {\n    transform: scale(1.1);\n  }\n\n  .activity-grid .title {\n    font-weight: 700;\n    font-size: 1.5rem;\n    color: #000;\n    margin-bottom: 10px;\n  }\n\n  .activity-grid .desc {\n    opacity: 0.9;\n    font-size: 1rem;\n    color: #222;\n  }\n\n  @media (max-width: 700px) {\n    .activity-grid {\n      flex-wrap: wrap;\n      width: 100%;\n    }\n  }\n<\/style>\n<div class=\"activity-grid\">\n  \n  <a class=\"card\" href=\"https:\/\/krgjsh.asig.gov.al\/?page_id=1852\">\n  <svg class=\"icon\" viewBox=\"0 0 24 24\" fill=\"none\">\n      <rect x=\"3\" y=\"4\" width=\"18\" height=\"16\" rx=\"2\" stroke=\"#0a70c2\" stroke-width=\"2\"\/>\n      <path d=\"M7 9h10M7 13h6M5 4V2M19 4V2\" stroke=\"#0a70c2\" stroke-width=\"2\"\/>\n    <\/svg>\n    <div class=\"title\">Mbledhje, Workshop & Konferenca<\/div>\n \n  <\/a>\n\n  <!-- 2\ufe0f\u20e3 Pjes\u00ebmarrje nd\u00ebrkomb\u00ebtare -->\n  <a class=\"card\" href=\"https:\/\/shembull.tld\/pjesemarrje-nderkombetare\">\n     <svg class=\"icon\" viewBox=\"0 0 24 24\" fill=\"none\">\n      <circle cx=\"12\" cy=\"12\" r=\"10\" stroke=\"#0a70c2\" stroke-width=\"2\"\/>\n      <path d=\"M2 12h20M12 2a15 15 0 0 1 0 20M12 2a15 15 0 0 0 0 20\" stroke=\"#0a70c2\" stroke-width=\"2\"\/>\n    <\/svg>\n    <div class=\"title\">Pjes\u00ebmarrje nd\u00ebrkomb\u00ebtare<\/div>\n    \n  <\/a>\n<\/div>\n\t\t<\/div>\n\t\t\t\t<\/div>\n\t\t\t\t\t\t<\/div>\n\t\t\t\t\t<\/div>\n\t\t<\/div>\n\t\t\t\t\t\t\t\t<\/div>\n\t\t\t\t\t<\/div>\n\t\t<\/section>\n\t\t\t\t\t\t<\/div>\n\t\t\t\t\t\t<\/div>\n\t\t\t\t\t<\/div>\n\t\t","protected":false},"excerpt":{"rendered":"<p>Mbledhje, Workshop &#038; Konferenca Pjes\u00ebmarrje nd\u00ebrkomb\u00ebtare<\/p>\n","protected":false},"author":1,"featured_media":0,"parent":0,"menu_order":0,"comment_status":"closed","ping_status":"closed","template":"","meta":[],"_links":{"self":[{"href":"https:\/\/krgjsh.asig.gov.al\/index.php?rest_route=\/wp\/v2\/pages\/1894"}],"collection":[{"href":"https:\/\/krgjsh.asig.gov.al\/index.php?rest_route=\/wp\/v2\/pages"}],"about":[{"href":"https:\/\/krgjsh.asig.gov.al\/index.php?rest_route=\/wp\/v2\/types\/page"}],"author":[{"embeddable":true,"href":"https:\/\/krgjsh.asig.gov.al\/index.php?rest_route=\/wp\/v2\/users\/1"}],"replies":[{"embeddable":true,"href":"https:\/\/krgjsh.asig.gov.al\/index.php?rest_route=%2Fwp%2Fv2%2Fcomments&post=1894"}],"version-history":[{"count":6,"href":"https:\/\/krgjsh.asig.gov.al\/index.php?rest_route=\/wp\/v2\/pages\/1894\/revisions"}],"predecessor-version":[{"id":1931,"href":"https:\/\/krgjsh.asig.gov.al\/index.php?rest_route=\/wp\/v2\/pages\/1894\/revisions\/1931"}],"wp:attachment":[{"href":"https:\/\/krgjsh.asig.gov.al\/index.php?rest_route=%2Fwp%2Fv2%2Fmedia&parent=1894"}],"curies":[{"name":"wp","href":"https:\/\/api.w.org\/{rel}","templated":true}]}}