{"id":739,"date":"2020-03-10T14:54:33","date_gmt":"2020-03-10T14:54:33","guid":{"rendered":"http:\/\/localhost\/sydney\/?page_id=739"},"modified":"2025-11-10T13:42:06","modified_gmt":"2025-11-10T13:42:06","slug":"rrjeti-shteteror-gravimetrik","status":"publish","type":"page","link":"https:\/\/krgjsh.asig.gov.al\/?page_id=739","title":{"rendered":"Rrjeti Shtet\u00ebror Gravimetrik"},"content":{"rendered":"\t\t<div data-elementor-type=\"wp-page\" data-elementor-id=\"739\" class=\"elementor elementor-739\" data-elementor-settings=\"[]\">\n\t\t\t\t\t\t<div class=\"elementor-inner\">\n\t\t\t\t\t\t\t<div class=\"elementor-section-wrap\">\n\t\t\t\t\t\t\t<section class=\"elementor-section elementor-top-section elementor-element elementor-element-3a433d4 elementor-section-boxed elementor-section-height-default elementor-section-height-default\" data-id=\"3a433d4\" data-element_type=\"section\">\n\t\t\t\t\t\t<div class=\"elementor-container elementor-column-gap-default\">\n\t\t\t\t\t\t\t<div class=\"elementor-row\">\n\t\t\t\t\t<div class=\"elementor-column elementor-col-100 elementor-top-column elementor-element elementor-element-001a624\" data-id=\"001a624\" data-element_type=\"column\">\n\t\t\t<div class=\"elementor-column-wrap elementor-element-populated\">\n\t\t\t\t\t\t\t<div class=\"elementor-widget-wrap\">\n\t\t\t\t\t\t<div class=\"elementor-element elementor-element-ef582ce elementor-widget elementor-widget-spacer\" data-id=\"ef582ce\" data-element_type=\"widget\" data-widget_type=\"spacer.default\">\n\t\t\t\t<div class=\"elementor-widget-container\">\n\t\t\t\t\t<div class=\"elementor-spacer\">\n\t\t\t<div class=\"elementor-spacer-inner\"><\/div>\n\t\t<\/div>\n\t\t\t\t<\/div>\n\t\t\t\t<\/div>\n\t\t\t\t\t\t<\/div>\n\t\t\t\t\t<\/div>\n\t\t<\/div>\n\t\t\t\t\t\t\t\t<\/div>\n\t\t\t\t\t<\/div>\n\t\t<\/section>\n\t\t\t\t<section class=\"elementor-section elementor-top-section elementor-element elementor-element-70ce849 elementor-section-boxed elementor-section-height-default elementor-section-height-default\" data-id=\"70ce849\" data-element_type=\"section\">\n\t\t\t\t\t\t<div class=\"elementor-container elementor-column-gap-default\">\n\t\t\t\t\t\t\t<div class=\"elementor-row\">\n\t\t\t\t\t<div class=\"elementor-column elementor-col-100 elementor-top-column elementor-element elementor-element-1c54ecd\" data-id=\"1c54ecd\" data-element_type=\"column\">\n\t\t\t<div class=\"elementor-column-wrap elementor-element-populated\">\n\t\t\t\t\t\t\t<div class=\"elementor-widget-wrap\">\n\t\t\t\t\t\t<div class=\"elementor-element elementor-element-e4f72e6 elementor-invisible elementor-widget elementor-widget-heading\" data-id=\"e4f72e6\" data-element_type=\"widget\" data-settings=\"{&quot;_animation&quot;:&quot;fadeInRight&quot;}\" data-widget_type=\"heading.default\">\n\t\t\t\t<div class=\"elementor-widget-container\">\n\t\t\t<h1 class=\"elementor-heading-title elementor-size-default\">Rrjeti Shtet\u00ebror Gravimetrik<\/h1>\t\t<\/div>\n\t\t\t\t<\/div>\n\t\t\t\t\t\t<\/div>\n\t\t\t\t\t<\/div>\n\t\t<\/div>\n\t\t\t\t\t\t\t\t<\/div>\n\t\t\t\t\t<\/div>\n\t\t<\/section>\n\t\t\t\t<section class=\"elementor-section elementor-top-section elementor-element elementor-element-c209de1 elementor-section-boxed elementor-section-height-default elementor-section-height-default\" data-id=\"c209de1\" data-element_type=\"section\">\n\t\t\t\t\t\t<div class=\"elementor-container elementor-column-gap-default\">\n\t\t\t\t\t\t\t<div class=\"elementor-row\">\n\t\t\t\t\t<div class=\"elementor-column elementor-col-100 elementor-top-column elementor-element elementor-element-c7d0e03\" data-id=\"c7d0e03\" data-element_type=\"column\">\n\t\t\t<div class=\"elementor-column-wrap elementor-element-populated\">\n\t\t\t\t\t\t\t<div class=\"elementor-widget-wrap\">\n\t\t\t\t\t\t<div class=\"elementor-element elementor-element-f708678 elementor-widget elementor-widget-text-editor\" data-id=\"f708678\" data-element_type=\"widget\" data-widget_type=\"text-editor.default\">\n\t\t\t\t<div class=\"elementor-widget-container\">\n\t\t\t\t\t<div class=\"elementor-text-editor elementor-clearfix\"><p>1.<b>Rrjeti <\/b><b>Shtet\u00ebror<\/b> <b>Gravimetrik<\/b> ka si q\u00ebllim kryesor t\u00eb mund\u00ebsoj\u00eb nj\u00eb baz\u00eb cil\u00ebsore t\u00eb dh\u00ebnash gravimetrike t\u00eb nevojshme p\u00ebr p\u00ebrcaktimin e Gjeoidit Gravimetrik t\u00eb sakt\u00ebsis\u00eb s\u00eb lart\u00eb p\u00ebr territorin e Shqip\u00ebris\u00eb i cili do t\u00eb sh\u00ebrbej\u00eb p\u00ebr nd\u00ebrtimin e nj\u00eb sistemi t\u00eb ri lart\u00ebsish fizike n\u00eb p\u00ebrputhje me standardet evropiane.<\/p><p>Rrjeti Shtet\u00ebror Gravimetrik \u00ebsht\u00eb pjes\u00eb e KRGJSH-s\u00eb dhe ka n\u00eb p\u00ebrb\u00ebrjen e tij:<\/p><p>a) Rrjetin Shtet\u00ebror Gravimetrik t\u00eb Rendit Zero (3 pika);<\/p><p>b) Rrjetin Shtet\u00ebror Gravimetrik t\u00eb Rendit t\u00eb Par\u00eb (42 pika);<\/p><p>c) Rrjetin Shtet\u00ebror Gravimetrik t\u00eb Rendit t\u00eb Dyt\u00eb (338 pika);<\/p><p>d) Rrjetin Shtet\u00ebror Gravimetrik t\u00eb Rendit t\u00eb Tret\u00eb (772 pika);<\/p><p>Pikat gravimetrike absolute t\u00eb rendit zero (Shkod\u00ebr, Tiran\u00eb, Sarand\u00eb) dhe 42 pikat e rrjetit gravimetrik relativ t\u00eb rendit t\u00eb par\u00eb p\u00ebrb\u00ebjn\u00eb Datumin Gravimetrik Shqiptar.<\/p><\/div>\n\t\t\t\t<\/div>\n\t\t\t\t<\/div>\n\t\t\t\t\t\t<\/div>\n\t\t\t\t\t<\/div>\n\t\t<\/div>\n\t\t\t\t\t\t\t\t<\/div>\n\t\t\t\t\t<\/div>\n\t\t<\/section>\n\t\t\t\t<section class=\"elementor-section elementor-top-section elementor-element elementor-element-72aaa83 elementor-section-boxed elementor-section-height-default elementor-section-height-default\" data-id=\"72aaa83\" data-element_type=\"section\">\n\t\t\t\t\t\t<div class=\"elementor-container elementor-column-gap-default\">\n\t\t\t\t\t\t\t<div class=\"elementor-row\">\n\t\t\t\t\t<div class=\"elementor-column elementor-col-100 elementor-top-column elementor-element elementor-element-bb55c0f\" data-id=\"bb55c0f\" data-element_type=\"column\">\n\t\t\t<div class=\"elementor-column-wrap elementor-element-populated\">\n\t\t\t\t\t\t\t<div class=\"elementor-widget-wrap\">\n\t\t\t\t\t\t<div class=\"elementor-element elementor-element-e95a904 elementor-widget elementor-widget-text-editor\" data-id=\"e95a904\" data-element_type=\"widget\" data-widget_type=\"text-editor.default\">\n\t\t\t\t<div class=\"elementor-widget-container\">\n\t\t\t\t\t<div class=\"elementor-text-editor elementor-clearfix\"><h3><strong> Rrjeti Shtet\u00ebror Gravimetrik i Rendit Zero<\/strong><\/h3><p>Rrjeti Shtet\u00ebror Gravimetrik i Rendit Zero p\u00ebrb\u00ebhet nga <b>tre<\/b> <b>pika<\/b><b> absolute<\/b>, n\u00eb t\u00eb cilat \u00ebsht\u00eb matur vlera absolute e <b>nxitimit<\/b> <b>gravitacional<\/b> <b>t\u00eb<\/b> <b>forc\u00ebs<\/b> <b>s\u00eb<\/b> <b>r\u00ebndes\u00ebs<\/b>, duke p\u00ebrdorur <b>gravimetra<\/b><b> absolute me <\/b><b>sakt\u00ebsi<\/b> <b>t\u00eb<\/b> <b>lart\u00eb<\/b>.<br \/>Stacionet absolute n\u00eb territorin e vendit ndodhen n\u00eb: <b>Shkod\u00ebr<\/b>, <b>Tiran\u00eb<\/b>, <b>Sarand\u00eb<\/b><b>.<\/b><\/p><p>Ky rrjet sh\u00ebrben si <b>baz\u00eb<\/b> <b>referimi<\/b> p\u00ebr mb\u00ebshtetjen e rrjeteve gravimetrike t\u00eb rendeve m\u00eb t\u00eb ul\u00ebta dhe siguron <b>ruajtjen<\/b><b> e <\/b><b>Datumit<\/b> <b>Gravimetrik<\/b> <b>Shqiptar<\/b> p\u00ebrmes matjeve absolute.<\/p><p>Pikat absolute gravimetrike jan\u00eb <b>stabilizuar<\/b> <b>n\u00eb<\/b> <b>blloqe<\/b> <b>masive<\/b> <b>betoni<\/b>, t\u00eb nd\u00ebrtuara mbi <b>struktura<\/b> <b>gjeologjike<\/b> <b>t\u00eb<\/b> <b>q\u00ebndrueshme<\/b>, n\u00eb p\u00ebrputhje me <b>rekomandimet<\/b> <b>nd\u00ebrkomb\u00ebtare<\/b>.<\/p><\/div>\n\t\t\t\t<\/div>\n\t\t\t\t<\/div>\n\t\t\t\t\t\t<\/div>\n\t\t\t\t\t<\/div>\n\t\t<\/div>\n\t\t\t\t\t\t\t\t<\/div>\n\t\t\t\t\t<\/div>\n\t\t<\/section>\n\t\t\t\t<section class=\"elementor-section elementor-top-section elementor-element elementor-element-d223890 elementor-section-boxed elementor-section-height-default elementor-section-height-default\" data-id=\"d223890\" data-element_type=\"section\">\n\t\t\t\t\t\t<div class=\"elementor-container elementor-column-gap-default\">\n\t\t\t\t\t\t\t<div class=\"elementor-row\">\n\t\t\t\t\t<div class=\"elementor-column elementor-col-100 elementor-top-column elementor-element elementor-element-821eab7\" data-id=\"821eab7\" data-element_type=\"column\">\n\t\t\t<div class=\"elementor-column-wrap elementor-element-populated\">\n\t\t\t\t\t\t\t<div class=\"elementor-widget-wrap\">\n\t\t\t\t\t\t<div class=\"elementor-element elementor-element-c816533 elementor-invisible elementor-widget elementor-widget-image-carousel\" data-id=\"c816533\" data-element_type=\"widget\" data-settings=\"{&quot;_animation&quot;:&quot;none&quot;,&quot;slides_to_show&quot;:&quot;3&quot;,&quot;slides_to_scroll&quot;:&quot;3&quot;,&quot;navigation&quot;:&quot;none&quot;,&quot;autoplay&quot;:&quot;no&quot;,&quot;infinite&quot;:&quot;yes&quot;,&quot;speed&quot;:500}\" data-widget_type=\"image-carousel.default\">\n\t\t\t\t<div class=\"elementor-widget-container\">\n\t\t\t\t\t<div class=\"elementor-image-carousel-wrapper swiper-container\" dir=\"ltr\">\n\t\t\t<div class=\"elementor-image-carousel swiper-wrapper\">\n\t\t\t\t<div class=\"swiper-slide\"><a data-elementor-open-lightbox=\"yes\" data-elementor-lightbox-slideshow=\"c816533\" href=\"https:\/\/krgjsh.asig.gov.al\/wp-content\/uploads\/2020\/03\/rendi-zero-1.png\"><figure class=\"swiper-slide-inner\"><img class=\"swiper-slide-image\" src=\"https:\/\/krgjsh.asig.gov.al\/wp-content\/uploads\/2020\/03\/rendi-zero-1-220x300.png\" alt=\"Shkod\u00ebr\" \/><figcaption class=\"elementor-image-carousel-caption\">Shkod\u00ebr<\/figcaption><\/figure><\/a><\/div><div class=\"swiper-slide\"><a data-elementor-open-lightbox=\"yes\" data-elementor-lightbox-slideshow=\"c816533\" href=\"https:\/\/krgjsh.asig.gov.al\/wp-content\/uploads\/2020\/03\/rendi-zero-2.png\"><figure class=\"swiper-slide-inner\"><img class=\"swiper-slide-image\" src=\"https:\/\/krgjsh.asig.gov.al\/wp-content\/uploads\/2020\/03\/rendi-zero-2-220x300.png\" alt=\"Tiran\u00eb\" \/><figcaption class=\"elementor-image-carousel-caption\">Tiran\u00eb<\/figcaption><\/figure><\/a><\/div><div class=\"swiper-slide\"><a data-elementor-open-lightbox=\"yes\" data-elementor-lightbox-slideshow=\"c816533\" href=\"https:\/\/krgjsh.asig.gov.al\/wp-content\/uploads\/2020\/03\/rendi-zero-3.png\"><figure class=\"swiper-slide-inner\"><img class=\"swiper-slide-image\" src=\"https:\/\/krgjsh.asig.gov.al\/wp-content\/uploads\/2020\/03\/rendi-zero-3-209x300.png\" alt=\"Sarand\u00eb\" \/><figcaption class=\"elementor-image-carousel-caption\">Sarand\u00eb<\/figcaption><\/figure><\/a><\/div>\t\t\t<\/div>\n\t\t\t\t\t\t\t\t\t\t\t\t\t\t\t\t<\/div>\n\t\t\t\t<\/div>\n\t\t\t\t<\/div>\n\t\t\t\t\t\t<\/div>\n\t\t\t\t\t<\/div>\n\t\t<\/div>\n\t\t\t\t\t\t\t\t<\/div>\n\t\t\t\t\t<\/div>\n\t\t<\/section>\n\t\t\t\t<section class=\"elementor-section elementor-top-section elementor-element elementor-element-22ad586 elementor-section-boxed elementor-section-height-default elementor-section-height-default\" data-id=\"22ad586\" data-element_type=\"section\">\n\t\t\t\t\t\t<div class=\"elementor-container elementor-column-gap-default\">\n\t\t\t\t\t\t\t<div class=\"elementor-row\">\n\t\t\t\t\t<div class=\"elementor-column elementor-col-66 elementor-top-column elementor-element elementor-element-8f10f68\" data-id=\"8f10f68\" data-element_type=\"column\">\n\t\t\t<div class=\"elementor-column-wrap elementor-element-populated\">\n\t\t\t\t\t\t\t<div class=\"elementor-widget-wrap\">\n\t\t\t\t\t\t<div class=\"elementor-element elementor-element-c3a6f8d elementor-widget elementor-widget-text-editor\" data-id=\"c3a6f8d\" data-element_type=\"widget\" data-widget_type=\"text-editor.default\">\n\t\t\t\t<div class=\"elementor-widget-container\">\n\t\t\t\t\t<div class=\"elementor-text-editor elementor-clearfix\"><h3><strong>Rrjeti <\/strong><strong>Shtet\u00ebror\u00a0<\/strong><strong>Gravimetrik i Rendit t\u00eb Par\u00eb<\/strong><\/h3><p>Rrjeti Gravimetrik Shtet\u00ebror i Rendit t\u00eb Par\u00eb \u00ebsht\u00eb pjes\u00eb e <b>t\u00eb<\/b> <b>Dh\u00ebnave<\/b> <b>Gravimetrike<\/b> <b>Shqiptare<\/b> dhe sh\u00ebrben p\u00ebr t\u00eb <b>dend\u00ebsuar<\/b> <b>Rrjetin<\/b> <b>Gravimetrik<\/b> <b>Shtet\u00ebror<\/b> <b>t\u00eb<\/b> <b>Rendit<\/b><b> Zero<\/b>.<\/p><p>Ky rrjet p\u00ebrb\u00ebhet nga <b>42 <\/b><b>pika<\/b>, t\u00eb shp\u00ebrndara n\u00eb m\u00ebnyr\u00eb <b>uniforme<\/b> <b>n\u00eb<\/b> <b>territorin<\/b><b> e <\/b><b>vendit<\/b>, n\u00eb distanca q\u00eb variojn\u00eb nga <b>35 <\/b><b>deri<\/b> <b>n\u00eb<\/b><b> 50 km<\/b>. T\u00eb gjitha pikat jan\u00eb <b>t\u00eb<\/b> <b>stabilizuara<\/b> <b>n\u00eb<\/b> <b>blloqe<\/b> <b>betoni<\/b>, t\u00eb nd\u00ebrtuara mbi <b>struktura<\/b> <b>gjeologjike<\/b> <b>t\u00eb<\/b> <b>q\u00ebndrueshme<\/b>, n\u00eb p\u00ebrputhje me <b>rekomandimet<\/b> <b>nd\u00ebrkomb\u00ebtare<\/b>.<\/p><p>N\u00eb k\u00ebto pika \u00ebsht\u00eb matur <b>nxitimi<\/b> <b>gravitacional<\/b> <b>i<\/b> <b>forc\u00ebs<\/b> <b>s\u00eb<\/b> <b>r\u00ebndes\u00ebs<\/b>, duke p\u00ebrdorur <b>dy<\/b> <b>gravimetra<\/b> <b>relativ\u00eb<\/b> <b>t\u00eb<\/b> <b>kalibruar<\/b>, t\u00eb cil\u00ebt ofrojn\u00eb <b>sakt\u00ebsi<\/b> <b>t\u00eb<\/b> <b>lart\u00eb<\/b> <b>n\u00eb<\/b> <b>matjet<\/b> <b>gravimetrike<\/b><b> relative<\/b>, n\u00eb p\u00ebrputhje me <b>metodat<\/b> <b>gravimetrike<\/b> <b>standarde<\/b>.<\/p><p><b>Devijimi<\/b><b> standard<\/b> n\u00eb p\u00ebrcaktimin e nxitimit absolut t\u00eb gravitetit n\u00eb pikat e k\u00ebtij rrjeti <b>nuk<\/b> <b>kalon<\/b> <b>vler\u00ebn<\/b><b> 10 \u00d7 10\u207b\u2078 m\/s\u00b2<\/b>.<\/p><h3>Rrjeti <strong>Shtet\u00ebror <\/strong>Gravimetrik i Rendit t\u00eb Dyt\u00eb<\/h3><div><div><p>Rrjeti Gravimetrik i Rendit t\u00eb Dyt\u00eb sh\u00ebrben p\u00ebr <b>dend\u00ebsimin<\/b><b> e <\/b><b>m\u00ebtejsh\u00ebm<\/b> <b>t\u00eb<\/b> <b>Rrjetit<\/b> <b>Gravimetrik<\/b> <b>Shtet\u00ebror<\/b> <b>t\u00eb<\/b> <b>Rendit<\/b> <b>t\u00eb<\/b> <b>Par\u00eb<\/b> dhe p\u00ebrb\u00ebhet nga <b>338 <\/b><b>pika<\/b>, t\u00eb shp\u00ebrndara n\u00eb territorin e vendit, t\u00eb cilat jan\u00eb <b>t\u00eb<\/b> <b>stabilizuara<\/b> <b>n\u00eb<\/b> <b>blloqe<\/b> <b>betoni<\/b>.<\/p><p>Pikave t\u00eb k\u00ebtij rrjeti u jan\u00eb p\u00ebrcaktuar <b>vlerat<\/b><b> e <\/b><b>nxitimit<\/b> <b>gravitacional<\/b> <b>t\u00eb<\/b> <b>forc\u00ebs<\/b> <b>s\u00eb<\/b> <b>r\u00ebndes\u00ebs<\/b>, duke p\u00ebrdorur <b>gravimetra<\/b> <b>relativ\u00eb<\/b> <b>t\u00eb<\/b> <b>kalibruar<\/b>, t\u00eb cil\u00ebt ofrojn\u00eb <b>sakt\u00ebsi<\/b> <b>t\u00eb<\/b> <b>lart\u00eb<\/b> <b>n\u00eb<\/b> <b>matjet<\/b> <b>gravimetrike<\/b><b> relative<\/b>, n\u00eb p\u00ebrputhje me <b>metodat<\/b> <b>standarde<\/b> <b>t\u00eb<\/b> <b>matjeve<\/b> <b>gravimetrike<\/b><b> relative<\/b>.<\/p><p><b>Devijimi<\/b><b> standard<\/b> n\u00eb p\u00ebrcaktimin e nxitimit absolut t\u00eb gravitetit n\u00eb pikat e Rrjetit t\u00eb Rendit t\u00eb Dyt\u00eb <b>nuk<\/b> <b>kalon<\/b> <b>vler\u00ebn<\/b><b> 20 \u00d7 10\u207b\u2078 m\/s\u00b2<\/b>.<\/p><p><!-- [if !supportAnnotations]--><\/p><\/div><p><!--[endif]--><\/p><\/div><h3><strong> Rrjeti\u00a0<\/strong><strong>Shtet\u00ebror\u00a0<\/strong><strong>Gravimetrik i Rendit t\u00eb Tret\u00eb<\/strong><\/h3><p>Rrjeti Gravimetrik i Rendit t\u00eb Tret\u00eb p\u00ebrfaq\u00ebson faz\u00ebn p\u00ebrfundimtare t\u00eb densifikimit t\u00eb Rrjetit Gravimetrik Shtet\u00ebror. Ky rrjet luan nj\u00eb rol ky\u00e7 n\u00eb sigurimin e t\u00eb dh\u00ebnave gravimetrike tok\u00ebsore t\u00eb nevojshme p\u00ebr p\u00ebrllogaritjen e nj\u00eb modeli t\u00eb sakt\u00eb dhe t\u00eb detajuar t\u00eb gjeoidit p\u00ebr territorin e Shqip\u00ebris\u00eb.<\/p><p>Deri n\u00eb vitin 2024 jan\u00eb matur gjithsej 772 pika t\u00eb k\u00ebtij rrjeti, t\u00eb shp\u00ebrndara n\u00eb m\u00ebnyr\u00eb t\u00eb uniforme n\u00eb t\u00eb gjith\u00eb vendin. Objektivi yn\u00eb p\u00ebr t\u00eb ardhmen \u00ebsht\u00eb rritja e dend\u00ebsis\u00eb s\u00eb k\u00ebtij rrjeti, sipas standardeve teknike gravimetrike nd\u00ebrkomb\u00ebtare:<\/p><p>1 pik\u00eb \u00e7do 2 km\u00b2 n\u00eb zonat fushore<\/p><p>1 pik\u00eb \u00e7do 4 km\u00b2 n\u00eb zonat malore<\/p><p><b>Sh\u00ebnim<\/b><b>:<\/b> Pikat e Rrjetit t\u00eb Rendit t\u00eb Tret\u00eb nuk jan\u00eb t\u00eb materializuara fizikisht n\u00eb terren. Sakt\u00ebsia e matjes s\u00eb gravitetit n\u00eb k\u00ebto pika \u00ebsht\u00eb shum\u00eb e lart\u00eb, me devijimin standard q\u00eb nuk kalon vler\u00ebn 30 \u00d7 10\u207b\u2078 m\/s\u00b2.<\/p><p>K\u00ebto t\u00eb dh\u00ebna do t\u00eb kontribuojn\u00eb n\u00eb nd\u00ebrtimin e nj\u00eb gjeoidi gravimetrik me sakt\u00ebsi dhe rezolucion t\u00eb lart\u00eb, i cili \u00ebsht\u00eb thelb\u00ebsor p\u00ebr aplikime t\u00eb ndryshme n\u00eb fushat e gjeodezis\u00eb, hartografis\u00eb, inxhinieris\u00eb dhe planifikimit hap\u00ebsinor.<\/p><\/div>\n\t\t\t\t<\/div>\n\t\t\t\t<\/div>\n\t\t\t\t\t\t<\/div>\n\t\t\t\t\t<\/div>\n\t\t<\/div>\n\t\t\t\t<div class=\"elementor-column elementor-col-33 elementor-top-column elementor-element elementor-element-9cf64bd\" data-id=\"9cf64bd\" data-element_type=\"column\">\n\t\t\t<div class=\"elementor-column-wrap elementor-element-populated\">\n\t\t\t\t\t\t\t<div class=\"elementor-widget-wrap\">\n\t\t\t\t\t\t<div class=\"elementor-element elementor-element-cbe8d80 elementor-widget elementor-widget-image\" data-id=\"cbe8d80\" data-element_type=\"widget\" data-widget_type=\"image.default\">\n\t\t\t\t<div class=\"elementor-widget-container\">\n\t\t\t\t\t<div class=\"elementor-image\">\n\t\t\t\t\t\t\t\t\t\t<img width=\"153\" height=\"200\" src=\"https:\/\/krgjsh.asig.gov.al\/wp-content\/uploads\/2025\/11\/rrjeti_gavimetrik2.jpg\" class=\"attachment-large size-large\" alt=\"\" loading=\"lazy\" \/>\t\t\t\t\t\t\t\t\t\t\t<\/div>\n\t\t\t\t<\/div>\n\t\t\t\t<\/div>\n\t\t\t\t<div class=\"elementor-element elementor-element-c37e41a elementor-widget elementor-widget-image\" data-id=\"c37e41a\" data-element_type=\"widget\" data-widget_type=\"image.default\">\n\t\t\t\t<div class=\"elementor-widget-container\">\n\t\t\t\t\t<div class=\"elementor-image\">\n\t\t\t\t\t\t\t\t\t\t<img width=\"341\" height=\"483\" src=\"https:\/\/krgjsh.asig.gov.al\/wp-content\/uploads\/2025\/11\/rrjeti_gavimetrik1.jpg\" class=\"attachment-large size-large\" alt=\"\" loading=\"lazy\" srcset=\"https:\/\/krgjsh.asig.gov.al\/wp-content\/uploads\/2025\/11\/rrjeti_gavimetrik1.jpg 341w, https:\/\/krgjsh.asig.gov.al\/wp-content\/uploads\/2025\/11\/rrjeti_gavimetrik1-212x300.jpg 212w, https:\/\/krgjsh.asig.gov.al\/wp-content\/uploads\/2025\/11\/rrjeti_gavimetrik1-230x326.jpg 230w\" sizes=\"(max-width: 341px) 100vw, 341px\" \/>\t\t\t\t\t\t\t\t\t\t\t<\/div>\n\t\t\t\t<\/div>\n\t\t\t\t<\/div>\n\t\t\t\t\t\t<\/div>\n\t\t\t\t\t<\/div>\n\t\t<\/div>\n\t\t\t\t\t\t\t\t<\/div>\n\t\t\t\t\t<\/div>\n\t\t<\/section>\n\t\t\t\t<section class=\"elementor-section elementor-top-section elementor-element elementor-element-d1a3910 elementor-section-boxed elementor-section-height-default elementor-section-height-default\" data-id=\"d1a3910\" data-element_type=\"section\">\n\t\t\t\t\t\t<div class=\"elementor-container elementor-column-gap-default\">\n\t\t\t\t\t\t\t<div class=\"elementor-row\">\n\t\t\t\t\t<div class=\"elementor-column elementor-col-66 elementor-top-column elementor-element elementor-element-de425b6\" data-id=\"de425b6\" data-element_type=\"column\">\n\t\t\t<div class=\"elementor-column-wrap elementor-element-populated\">\n\t\t\t\t\t\t\t<div class=\"elementor-widget-wrap\">\n\t\t\t\t\t\t<div class=\"elementor-element elementor-element-ea9a003 elementor-widget elementor-widget-text-editor\" data-id=\"ea9a003\" data-element_type=\"widget\" data-widget_type=\"text-editor.default\">\n\t\t\t\t<div class=\"elementor-widget-container\">\n\t\t\t\t\t<div class=\"elementor-text-editor elementor-clearfix\"><h4><strong>Rrjeti Shtet\u00ebror Gravimetrik (Gjeoidi Gravimetrik Shqiptar)<\/strong><\/h4><p>Modelimi i gjeoidit gravimetrik p\u00ebrfshin nj\u00eb hap\u00ebsir\u00eb gjeografike midis koordinatave <b>38.5\u00b0\u201343.5\u00b0 N<\/b> dhe <b>18.0\u00b0\u201322.0\u00b0 E<\/b>, duke mbuluar t\u00eb gjith\u00eb territorin shqiptar dhe zonat p\u00ebrreth. N\u00eb k\u00ebt\u00eb projekt jan\u00eb p\u00ebrdorur <b>metoda<\/b> <b>t\u00eb<\/b> <b>avancuara<\/b> si <b>Katror\u00ebt<\/b> <b>m\u00eb<\/b> <b>t\u00eb<\/b> <b>Vegj\u00ebl<\/b> <b>t\u00eb<\/b> <b>Kolokacionit<\/b><b> (LSC)<\/b> dhe <b>Transformimi<\/b> <b>i<\/b> <b>Shpejt\u00eb<\/b> <b>Furier<\/b><b> (FFT)<\/b> p\u00ebr t\u00eb nd\u00ebrtuar modele t\u00eb sakta t\u00eb gjeoidit.<\/p><p>T\u00eb dh\u00ebnat p\u00ebrb\u00ebhen nga m\u00eb shum\u00eb se <b>63,000 <\/b><b>pika<\/b> <b>gravimetrike<\/b>, t\u00eb mbledhura nga Shqip\u00ebria, Greqia dhe rajonet p\u00ebrreth, duke p\u00ebrfshir\u00eb edhe <b>t\u00eb<\/b> <b>dh\u00ebna<\/b> <b>detare<\/b> <b>nga<\/b> <b>altimetria<\/b> <b>satelitore<\/b>.<\/p><p>P\u00ebr analiz\u00ebn jan\u00eb p\u00ebrdorur <b>dy<\/b> <b>modele<\/b> <b>globale<\/b> <b>t\u00eb<\/b> <b>fush\u00ebs<\/b> <b>s\u00eb<\/b> <b>gravitetit<\/b>, <b>EIGEN6c4<\/b> dhe <b>XGM2019e<\/b>. Efektet topografike dhe batimetrike jan\u00eb llogaritur p\u00ebrmes <b>Modelit<\/b> <b>t\u00eb<\/b> <b>Terrenit<\/b> <b>t\u00eb<\/b> <b>Mbetur<\/b><b> (RTM)<\/b>, duke u aplikuar si me qasje <b>klasike<\/b>, ashtu edhe me qasje <b>spektrale<\/b>, p\u00ebr t\u00eb garantuar kontroll dhe sakt\u00ebsi t\u00eb lart\u00eb.<\/p><p>Gjeoidet e p\u00ebrftuar nga metodat e ndryshme (<b>1D FFT<\/b>, <b>2D FFT<\/b>, <b>LSC<\/b>) jan\u00eb validuar kundrejt <b>225 <\/b><b>pikave<\/b><b> GNSS\/<\/b><b>Nivelim<\/b>, t\u00eb ofruara nga <b>ASIG<\/b>, duke u krahasuar me <b>datumet<\/b> <b>vertikale<\/b> <b>ekzistuese<\/b> <b>si<\/b><b> ALB86<\/b>, si dhe kundrejt <b>50 <\/b><b>pikave<\/b> <b>t\u00eb<\/b> <b>reja<\/b><b> GNSS\/<\/b><b>Nivelim<\/b> t\u00eb bazuara n\u00eb <b>MSL <\/b><b>t\u00eb<\/b> <b>Durr\u00ebsit<\/b>.<\/p><p>Si p\u00ebrfundim, jan\u00eb p\u00ebrftuar disa modele gjeoidesh, ku m\u00eb i sakti ka rezultuar <b>gjeoidi<\/b> <b>gravimetrik<\/b> <b>i<\/b> <b>llogaritur<\/b> <b>sipas<\/b> <b>metod\u00ebs<\/b><b> 2D FFT<\/b>, bazuar n\u00eb modelin global <b>EIGEN6c4<\/b> dhe n\u00eb <b>reduktimin<\/b><b> e <\/b><b>mbetjeve<\/b> <b>t\u00eb<\/b> <b>terrenit<\/b><b> (RTM)<\/b> sipas <b>metod\u00ebs<\/b> <b>spektrale<\/b>, i cili ka arritur:<\/p><p><b>Sakt\u00ebsin\u00eb<\/b> <b>standarde<\/b> <b>prej<\/b><b> 11.5 cm<\/b> referuar pikave t\u00eb rrjetit klasik <b>ALB86<\/b><\/p><p><b>Sakt\u00ebsin\u00eb<\/b><b> 6 cm<\/b> referuar <b>50 <\/b><b>pikave<\/b> <b>t\u00eb<\/b> <b>reja<\/b> <b>t\u00eb<\/b> <b>nivelimit<\/b>, t\u00eb bazuara n\u00eb <b>MSL <\/b><b>t\u00eb<\/b> <b>stacionit<\/b> <b>mareografik<\/b> <b>t\u00eb<\/b> <b>Durr\u00ebsit<\/b><\/p><p>Me q\u00ebllim llogaritjen e <b>gjeoidit<\/b> <b>gravimetrik<\/b><b> me <\/b><b>rezolucion<\/b> <b>dhe<\/b> <b>sakt\u00ebsi<\/b> <b>t\u00eb<\/b> <b>lart\u00eb<\/b> (synim: <b>2\u20133 cm<\/b>), i cili do t\u00eb p\u00ebrfaq\u00ebsoj\u00eb n\u00eb t\u00eb ardhmen <b>referenc\u00ebn<\/b> <b>gjeodezike<\/b> <b>vertikale<\/b> <b>moderne<\/b> n\u00eb Republik\u00ebn e Shqip\u00ebris\u00eb, dhe p\u00ebr t\u00eb p\u00ebrmbushur t\u00eb gjitha nevojat e p\u00ebrdoruesve, <b>ASIG <\/b><b>\u00ebsht\u00eb<\/b> <b>n\u00eb<\/b> <b>zhvillim<\/b> <b>t\u00eb<\/b> <b>m\u00ebtejsh\u00ebm<\/b> <b>t\u00eb<\/b> <b>k\u00ebtij<\/b> <b>projekti<\/b> si nj\u00eb nga pikat m\u00eb t\u00eb r\u00ebnd\u00ebsishme t\u00eb tij.<\/p><\/div>\n\t\t\t\t<\/div>\n\t\t\t\t<\/div>\n\t\t\t\t\t\t<\/div>\n\t\t\t\t\t<\/div>\n\t\t<\/div>\n\t\t\t\t<div class=\"elementor-column elementor-col-33 elementor-top-column elementor-element elementor-element-84cf751\" data-id=\"84cf751\" data-element_type=\"column\">\n\t\t\t<div class=\"elementor-column-wrap elementor-element-populated\">\n\t\t\t\t\t\t\t<div class=\"elementor-widget-wrap\">\n\t\t\t\t\t\t<div class=\"elementor-element elementor-element-f7a21e1 elementor-widget elementor-widget-image\" data-id=\"f7a21e1\" data-element_type=\"widget\" data-widget_type=\"image.default\">\n\t\t\t\t<div class=\"elementor-widget-container\">\n\t\t\t\t\t<div class=\"elementor-image\">\n\t\t\t\t\t\t\t\t\t\t<img width=\"186\" height=\"300\" src=\"https:\/\/krgjsh.asig.gov.al\/wp-content\/uploads\/2025\/11\/rrjeti_gavimetrik3-186x300.jpg\" class=\"attachment-medium size-medium\" alt=\"\" loading=\"lazy\" srcset=\"https:\/\/krgjsh.asig.gov.al\/wp-content\/uploads\/2025\/11\/rrjeti_gavimetrik3-186x300.jpg 186w, https:\/\/krgjsh.asig.gov.al\/wp-content\/uploads\/2025\/11\/rrjeti_gavimetrik3-230x371.jpg 230w, https:\/\/krgjsh.asig.gov.al\/wp-content\/uploads\/2025\/11\/rrjeti_gavimetrik3-350x564.jpg 350w, https:\/\/krgjsh.asig.gov.al\/wp-content\/uploads\/2025\/11\/rrjeti_gavimetrik3.jpg 376w\" sizes=\"(max-width: 186px) 100vw, 186px\" \/>\t\t\t\t\t\t\t\t\t\t\t<\/div>\n\t\t\t\t<\/div>\n\t\t\t\t<\/div>\n\t\t\t\t<div class=\"elementor-element elementor-element-0bc3e36 elementor-widget elementor-widget-image\" data-id=\"0bc3e36\" data-element_type=\"widget\" data-widget_type=\"image.default\">\n\t\t\t\t<div class=\"elementor-widget-container\">\n\t\t\t\t\t<div class=\"elementor-image\">\n\t\t\t\t\t\t\t\t\t\t<img width=\"240\" height=\"379\" src=\"https:\/\/krgjsh.asig.gov.al\/wp-content\/uploads\/2025\/11\/rrjeti_gavimetrik4.jpg\" class=\"attachment-medium_large size-medium_large\" alt=\"\" loading=\"lazy\" srcset=\"https:\/\/krgjsh.asig.gov.al\/wp-content\/uploads\/2025\/11\/rrjeti_gavimetrik4.jpg 240w, https:\/\/krgjsh.asig.gov.al\/wp-content\/uploads\/2025\/11\/rrjeti_gavimetrik4-190x300.jpg 190w, https:\/\/krgjsh.asig.gov.al\/wp-content\/uploads\/2025\/11\/rrjeti_gavimetrik4-230x363.jpg 230w\" sizes=\"(max-width: 240px) 100vw, 240px\" \/>\t\t\t\t\t\t\t\t\t\t\t<\/div>\n\t\t\t\t<\/div>\n\t\t\t\t<\/div>\n\t\t\t\t\t\t<\/div>\n\t\t\t\t\t<\/div>\n\t\t<\/div>\n\t\t\t\t\t\t\t\t<\/div>\n\t\t\t\t\t<\/div>\n\t\t<\/section>\n\t\t\t\t\t\t<\/div>\n\t\t\t\t\t\t<\/div>\n\t\t\t\t\t<\/div>\n\t\t","protected":false},"excerpt":{"rendered":"<p>Rrjeti Shtet\u00ebror Gravimetrik 1.Rrjeti Shtet\u00ebror Gravimetrik ka si q\u00ebllim kryesor t\u00eb mund\u00ebsoj\u00eb nj\u00eb baz\u00eb cil\u00ebsore t\u00eb dh\u00ebnash gravimetrike t\u00eb nevojshme p\u00ebr p\u00ebrcaktimin e Gjeoidit Gravimetrik t\u00eb sakt\u00ebsis\u00eb s\u00eb lart\u00eb p\u00ebr territorin e Shqip\u00ebris\u00eb i cili do t\u00eb sh\u00ebrbej\u00eb p\u00ebr nd\u00ebrtimin e nj\u00eb sistemi t\u00eb ri lart\u00ebsish fizike n\u00eb p\u00ebrputhje me standardet evropiane. Rrjeti Shtet\u00ebror Gravimetrik [&hellip;]<\/p>\n","protected":false},"author":1,"featured_media":0,"parent":0,"menu_order":0,"comment_status":"closed","ping_status":"closed","template":"page-templates\/page_front-page.php","meta":[],"_links":{"self":[{"href":"https:\/\/krgjsh.asig.gov.al\/index.php?rest_route=\/wp\/v2\/pages\/739"}],"collection":[{"href":"https:\/\/krgjsh.asig.gov.al\/index.php?rest_route=\/wp\/v2\/pages"}],"about":[{"href":"https:\/\/krgjsh.asig.gov.al\/index.php?rest_route=\/wp\/v2\/types\/page"}],"author":[{"embeddable":true,"href":"https:\/\/krgjsh.asig.gov.al\/index.php?rest_route=\/wp\/v2\/users\/1"}],"replies":[{"embeddable":true,"href":"https:\/\/krgjsh.asig.gov.al\/index.php?rest_route=%2Fwp%2Fv2%2Fcomments&post=739"}],"version-history":[{"count":35,"href":"https:\/\/krgjsh.asig.gov.al\/index.php?rest_route=\/wp\/v2\/pages\/739\/revisions"}],"predecessor-version":[{"id":1788,"href":"https:\/\/krgjsh.asig.gov.al\/index.php?rest_route=\/wp\/v2\/pages\/739\/revisions\/1788"}],"wp:attachment":[{"href":"https:\/\/krgjsh.asig.gov.al\/index.php?rest_route=%2Fwp%2Fv2%2Fmedia&parent=739"}],"curies":[{"name":"wp","href":"https:\/\/api.w.org\/{rel}","templated":true}]}}