{"id":757,"date":"2020-03-10T15:20:12","date_gmt":"2020-03-10T15:20:12","guid":{"rendered":"http:\/\/localhost\/sydney\/?page_id=757"},"modified":"2025-11-10T14:48:43","modified_gmt":"2025-11-10T14:48:43","slug":"rrjeti-shteteror-i-nivelimit","status":"publish","type":"page","link":"https:\/\/krgjsh.asig.gov.al\/?page_id=757","title":{"rendered":"Rrjeti Shtet\u00ebror i Nivelimit"},"content":{"rendered":"\t\t<div data-elementor-type=\"wp-page\" data-elementor-id=\"757\" class=\"elementor elementor-757\" data-elementor-settings=\"[]\">\n\t\t\t\t\t\t<div class=\"elementor-inner\">\n\t\t\t\t\t\t\t<div class=\"elementor-section-wrap\">\n\t\t\t\t\t\t\t<section class=\"elementor-section elementor-top-section elementor-element elementor-element-a65eb3c elementor-section-boxed elementor-section-height-default elementor-section-height-default\" data-id=\"a65eb3c\" data-element_type=\"section\">\n\t\t\t\t\t\t<div class=\"elementor-container elementor-column-gap-default\">\n\t\t\t\t\t\t\t<div class=\"elementor-row\">\n\t\t\t\t\t<div class=\"elementor-column elementor-col-100 elementor-top-column elementor-element elementor-element-697e10e\" data-id=\"697e10e\" data-element_type=\"column\">\n\t\t\t<div class=\"elementor-column-wrap elementor-element-populated\">\n\t\t\t\t\t\t\t<div class=\"elementor-widget-wrap\">\n\t\t\t\t\t\t<div class=\"elementor-element elementor-element-931296b elementor-widget elementor-widget-spacer\" data-id=\"931296b\" data-element_type=\"widget\" data-widget_type=\"spacer.default\">\n\t\t\t\t<div class=\"elementor-widget-container\">\n\t\t\t\t\t<div class=\"elementor-spacer\">\n\t\t\t<div class=\"elementor-spacer-inner\"><\/div>\n\t\t<\/div>\n\t\t\t\t<\/div>\n\t\t\t\t<\/div>\n\t\t\t\t\t\t<\/div>\n\t\t\t\t\t<\/div>\n\t\t<\/div>\n\t\t\t\t\t\t\t\t<\/div>\n\t\t\t\t\t<\/div>\n\t\t<\/section>\n\t\t\t\t<section class=\"elementor-section elementor-top-section elementor-element elementor-element-b8f51a8 elementor-section-boxed elementor-section-height-default elementor-section-height-default\" data-id=\"b8f51a8\" data-element_type=\"section\">\n\t\t\t\t\t\t<div class=\"elementor-container elementor-column-gap-default\">\n\t\t\t\t\t\t\t<div class=\"elementor-row\">\n\t\t\t\t\t<div class=\"elementor-column elementor-col-100 elementor-top-column elementor-element elementor-element-8fdef14\" data-id=\"8fdef14\" data-element_type=\"column\">\n\t\t\t<div class=\"elementor-column-wrap elementor-element-populated\">\n\t\t\t\t\t\t\t<div class=\"elementor-widget-wrap\">\n\t\t\t\t\t\t<div class=\"elementor-element elementor-element-c59df9e elementor-invisible elementor-widget elementor-widget-heading\" data-id=\"c59df9e\" data-element_type=\"widget\" data-settings=\"{&quot;_animation&quot;:&quot;fadeInRight&quot;}\" data-widget_type=\"heading.default\">\n\t\t\t\t<div class=\"elementor-widget-container\">\n\t\t\t<h1 class=\"elementor-heading-title elementor-size-default\">Rrjeti Shtet\u00ebror i Nivelimit<\/h1>\t\t<\/div>\n\t\t\t\t<\/div>\n\t\t\t\t\t\t<\/div>\n\t\t\t\t\t<\/div>\n\t\t<\/div>\n\t\t\t\t\t\t\t\t<\/div>\n\t\t\t\t\t<\/div>\n\t\t<\/section>\n\t\t\t\t<section class=\"elementor-section elementor-top-section elementor-element elementor-element-67d023e elementor-section-boxed elementor-section-height-default elementor-section-height-default\" data-id=\"67d023e\" data-element_type=\"section\">\n\t\t\t\t\t\t<div class=\"elementor-container elementor-column-gap-default\">\n\t\t\t\t\t\t\t<div class=\"elementor-row\">\n\t\t\t\t\t<div class=\"elementor-column elementor-col-66 elementor-top-column elementor-element elementor-element-92ec7ed\" data-id=\"92ec7ed\" data-element_type=\"column\">\n\t\t\t<div class=\"elementor-column-wrap elementor-element-populated\">\n\t\t\t\t\t\t\t<div class=\"elementor-widget-wrap\">\n\t\t\t\t\t\t<div class=\"elementor-element elementor-element-f2b74fb elementor-widget elementor-widget-text-editor\" data-id=\"f2b74fb\" data-element_type=\"widget\" data-widget_type=\"text-editor.default\">\n\t\t\t\t<div class=\"elementor-widget-container\">\n\t\t\t\t\t<div class=\"elementor-text-editor elementor-clearfix\"><p><b>Rrjeti <\/b><b>Shtet\u00ebror<\/b><b> i <\/b><b>Nivelimit<\/b> do t\u00eb mund\u00ebsoj\u00eb kontrollin dhe vler\u00ebsimin e sakt\u00ebsis\u00eb s\u00eb gjeoidit gravimetrik final (ALB Geoid 202X) ku do t\u00eb mb\u00ebshtetet referenca gjeodezike vertikale p\u00ebr p\u00ebrcaktimin e lart\u00ebsive ortometrike n\u00eb territorin e Republik\u00ebs s\u00eb Shqip\u00ebris\u00eb<b>.<\/b><\/p><p>Rrjeti i ri Shqiptar i nivelimit do zhvillohet n\u00eb dy rende. Rendi i par\u00eb do realizohet me nivelim gjeometrik, i cili do plot\u00ebsoj\u00eb k\u00ebrkesat e sakt\u00ebsis\u00eb s\u00eb Rendit I. P\u00ebr dend\u00ebsimin e m\u00ebtejsh\u00ebm t\u00eb k\u00ebtij rrjetit (rendi II) \u00ebsht\u00eb zgjedhur metoda e nivelimit me GNSS.<\/p><p>Rendi I do p\u00ebrb\u00ebhet nga 6 pika ekstreme t\u00eb cilat do fiksohen af\u00ebr kufirit t\u00eb Shqip\u00ebris\u00eb dhe do sh\u00ebrbejn\u00eb si pika lidh\u00ebse me rrjetet e nivelimit<br \/>t\u00eb vendeve fqinj\u00eb, 14 pika nyje n\u00eb t\u00eb cilat do bashkohen vijat e nivelimit<br \/>si dhe nga 18 pika nd\u00ebrmjet\u00ebse, dhe t\u00eb gjitha k\u00ebto do jen\u00eb edhe pika t\u00eb p\u00ebrbashk\u00ebta me pikat e rrjetit GNSS dhe rrjetit Gravimetrik t\u00eb rendit par\u00eb.<\/p><p>N\u00eb funksion t\u00eb implementimit t\u00eb Rrjetit Shtet\u00ebror t\u00eb Nivelimit, deri tani \u00ebsht\u00eb realizuar nivelimi i linj\u00ebs Durr\u00ebs- Tiran\u00eb sipas metod\u00ebs s\u00eb nivelimit gjeometrik. Kjo linj\u00eb nivelimi p\u00ebrb\u00ebhet nga 25 sektor\u00eb, nga ku 13 sektor\u00eb jan\u00eb realizuar matjet fushore sipas kritereve t\u00eb klasit t\u00eb par\u00eb me nivel\u00ebn dixhitale SDL1X t\u00eb sakt\u00ebsis\u00eb s\u00eb lart\u00eb 0.2 mm p\u00ebr km dhe lata invar RBA-Code, BIS30A. M\u00ebposht\u00eb jepet skema e plot\u00eb e vijave t\u00eb projektuara t\u00eb nivelimit.<\/p><p>\u00a0<\/p><\/div>\n\t\t\t\t<\/div>\n\t\t\t\t<\/div>\n\t\t\t\t\t\t<\/div>\n\t\t\t\t\t<\/div>\n\t\t<\/div>\n\t\t\t\t<div class=\"elementor-column elementor-col-33 elementor-top-column elementor-element elementor-element-5c3b2c3\" data-id=\"5c3b2c3\" data-element_type=\"column\">\n\t\t\t<div class=\"elementor-column-wrap elementor-element-populated\">\n\t\t\t\t\t\t\t<div class=\"elementor-widget-wrap\">\n\t\t\t\t\t\t<div class=\"elementor-element elementor-element-cc61091 elementor-widget elementor-widget-image\" data-id=\"cc61091\" data-element_type=\"widget\" data-widget_type=\"image.default\">\n\t\t\t\t<div class=\"elementor-widget-container\">\n\t\t\t\t\t<div class=\"elementor-image\">\n\t\t\t\t\t\t\t\t\t\t<img width=\"500\" height=\"707\" src=\"https:\/\/krgjsh.asig.gov.al\/wp-content\/uploads\/2025\/11\/rrjeti_nivelimit1.jpg\" class=\"attachment-large size-large\" alt=\"\" loading=\"lazy\" srcset=\"https:\/\/krgjsh.asig.gov.al\/wp-content\/uploads\/2025\/11\/rrjeti_nivelimit1.jpg 500w, https:\/\/krgjsh.asig.gov.al\/wp-content\/uploads\/2025\/11\/rrjeti_nivelimit1-212x300.jpg 212w, https:\/\/krgjsh.asig.gov.al\/wp-content\/uploads\/2025\/11\/rrjeti_nivelimit1-230x325.jpg 230w, https:\/\/krgjsh.asig.gov.al\/wp-content\/uploads\/2025\/11\/rrjeti_nivelimit1-350x495.jpg 350w, https:\/\/krgjsh.asig.gov.al\/wp-content\/uploads\/2025\/11\/rrjeti_nivelimit1-480x679.jpg 480w\" sizes=\"(max-width: 500px) 100vw, 500px\" \/>\t\t\t\t\t\t\t\t\t\t\t<\/div>\n\t\t\t\t<\/div>\n\t\t\t\t<\/div>\n\t\t\t\t<div class=\"elementor-element elementor-element-a9c8943 elementor-arrows-position-inside elementor-pagination-position-outside elementor-widget elementor-widget-image-carousel\" data-id=\"a9c8943\" data-element_type=\"widget\" data-settings=\"{&quot;slides_to_show&quot;:&quot;2&quot;,&quot;slides_to_scroll&quot;:&quot;1&quot;,&quot;navigation&quot;:&quot;both&quot;,&quot;autoplay&quot;:&quot;yes&quot;,&quot;pause_on_hover&quot;:&quot;yes&quot;,&quot;pause_on_interaction&quot;:&quot;yes&quot;,&quot;autoplay_speed&quot;:5000,&quot;infinite&quot;:&quot;yes&quot;,&quot;speed&quot;:500}\" data-widget_type=\"image-carousel.default\">\n\t\t\t\t<div class=\"elementor-widget-container\">\n\t\t\t\t\t<div class=\"elementor-image-carousel-wrapper swiper-container\" dir=\"ltr\">\n\t\t\t<div class=\"elementor-image-carousel swiper-wrapper\">\n\t\t\t\t<div class=\"swiper-slide\"><figure class=\"swiper-slide-inner\"><img class=\"swiper-slide-image\" src=\"https:\/\/krgjsh.asig.gov.al\/wp-content\/uploads\/2025\/11\/rrjeti_nivelimit2.jpg\" alt=\"rrjeti_nivelimit2\" \/><\/figure><\/div><div class=\"swiper-slide\"><figure class=\"swiper-slide-inner\"><img class=\"swiper-slide-image\" src=\"https:\/\/krgjsh.asig.gov.al\/wp-content\/uploads\/2025\/11\/rrjeti_nivelimit3.jpg\" alt=\"rrjeti_nivelimit3\" \/><\/figure><\/div>\t\t\t<\/div>\n\t\t\t\t\t\t\t\t\t\t\t\t<div class=\"swiper-pagination\"><\/div>\n\t\t\t\t\t\t\t\t\t\t\t\t\t<div class=\"elementor-swiper-button elementor-swiper-button-prev\">\n\t\t\t\t\t\t<i class=\"eicon-chevron-left\" aria-hidden=\"true\"><\/i>\n\t\t\t\t\t\t<span class=\"elementor-screen-only\">Previous<\/span>\n\t\t\t\t\t<\/div>\n\t\t\t\t\t<div class=\"elementor-swiper-button elementor-swiper-button-next\">\n\t\t\t\t\t\t<i class=\"eicon-chevron-right\" aria-hidden=\"true\"><\/i>\n\t\t\t\t\t\t<span class=\"elementor-screen-only\">Next<\/span>\n\t\t\t\t\t<\/div>\n\t\t\t\t\t\t\t\t\t<\/div>\n\t\t\t\t<\/div>\n\t\t\t\t<\/div>\n\t\t\t\t\t\t<\/div>\n\t\t\t\t\t<\/div>\n\t\t<\/div>\n\t\t\t\t\t\t\t\t<\/div>\n\t\t\t\t\t<\/div>\n\t\t<\/section>\n\t\t\t\t\t\t<\/div>\n\t\t\t\t\t\t<\/div>\n\t\t\t\t\t<\/div>\n\t\t","protected":false},"excerpt":{"rendered":"<p>Rrjeti Shtet\u00ebror i Nivelimit Rrjeti Shtet\u00ebror i Nivelimit do t\u00eb mund\u00ebsoj\u00eb kontrollin dhe vler\u00ebsimin e sakt\u00ebsis\u00eb s\u00eb gjeoidit gravimetrik final (ALB Geoid 202X) ku do t\u00eb mb\u00ebshtetet referenca gjeodezike vertikale p\u00ebr p\u00ebrcaktimin e lart\u00ebsive ortometrike n\u00eb territorin e Republik\u00ebs s\u00eb Shqip\u00ebris\u00eb. Rrjeti i ri Shqiptar i nivelimit do zhvillohet n\u00eb dy rende. Rendi i par\u00eb [&hellip;]<\/p>\n","protected":false},"author":1,"featured_media":0,"parent":0,"menu_order":0,"comment_status":"closed","ping_status":"closed","template":"page-templates\/page_front-page.php","meta":[],"_links":{"self":[{"href":"https:\/\/krgjsh.asig.gov.al\/index.php?rest_route=\/wp\/v2\/pages\/757"}],"collection":[{"href":"https:\/\/krgjsh.asig.gov.al\/index.php?rest_route=\/wp\/v2\/pages"}],"about":[{"href":"https:\/\/krgjsh.asig.gov.al\/index.php?rest_route=\/wp\/v2\/types\/page"}],"author":[{"embeddable":true,"href":"https:\/\/krgjsh.asig.gov.al\/index.php?rest_route=\/wp\/v2\/users\/1"}],"replies":[{"embeddable":true,"href":"https:\/\/krgjsh.asig.gov.al\/index.php?rest_route=%2Fwp%2Fv2%2Fcomments&post=757"}],"version-history":[{"count":21,"href":"https:\/\/krgjsh.asig.gov.al\/index.php?rest_route=\/wp\/v2\/pages\/757\/revisions"}],"predecessor-version":[{"id":1794,"href":"https:\/\/krgjsh.asig.gov.al\/index.php?rest_route=\/wp\/v2\/pages\/757\/revisions\/1794"}],"wp:attachment":[{"href":"https:\/\/krgjsh.asig.gov.al\/index.php?rest_route=%2Fwp%2Fv2%2Fmedia&parent=757"}],"curies":[{"name":"wp","href":"https:\/\/api.w.org\/{rel}","templated":true}]}}