{"id":760,"date":"2020-03-10T15:22:40","date_gmt":"2020-03-10T15:22:40","guid":{"rendered":"http:\/\/localhost\/sydney\/?page_id=760"},"modified":"2025-11-10T15:39:38","modified_gmt":"2025-11-10T15:39:38","slug":"rrjeti-shteteror-i-mareografeve","status":"publish","type":"page","link":"https:\/\/krgjsh.asig.gov.al\/?page_id=760","title":{"rendered":"Rrjeti Shtet\u00ebror i Mareograf\u00ebve"},"content":{"rendered":"\t\t<div data-elementor-type=\"wp-page\" data-elementor-id=\"760\" class=\"elementor elementor-760\" data-elementor-settings=\"[]\">\n\t\t\t\t\t\t<div class=\"elementor-inner\">\n\t\t\t\t\t\t\t<div class=\"elementor-section-wrap\">\n\t\t\t\t\t\t\t<section class=\"elementor-section elementor-top-section elementor-element elementor-element-5c06533 elementor-section-boxed elementor-section-height-default elementor-section-height-default\" data-id=\"5c06533\" data-element_type=\"section\">\n\t\t\t\t\t\t<div class=\"elementor-container elementor-column-gap-default\">\n\t\t\t\t\t\t\t<div class=\"elementor-row\">\n\t\t\t\t\t<div class=\"elementor-column elementor-col-100 elementor-top-column elementor-element elementor-element-8943b59\" data-id=\"8943b59\" data-element_type=\"column\">\n\t\t\t<div class=\"elementor-column-wrap elementor-element-populated\">\n\t\t\t\t\t\t\t<div class=\"elementor-widget-wrap\">\n\t\t\t\t\t\t<div class=\"elementor-element elementor-element-5d246f1 elementor-widget elementor-widget-spacer\" data-id=\"5d246f1\" data-element_type=\"widget\" data-widget_type=\"spacer.default\">\n\t\t\t\t<div class=\"elementor-widget-container\">\n\t\t\t\t\t<div class=\"elementor-spacer\">\n\t\t\t<div class=\"elementor-spacer-inner\"><\/div>\n\t\t<\/div>\n\t\t\t\t<\/div>\n\t\t\t\t<\/div>\n\t\t\t\t\t\t<\/div>\n\t\t\t\t\t<\/div>\n\t\t<\/div>\n\t\t\t\t\t\t\t\t<\/div>\n\t\t\t\t\t<\/div>\n\t\t<\/section>\n\t\t\t\t<section class=\"elementor-section elementor-top-section elementor-element elementor-element-0e44dbb elementor-section-boxed elementor-section-height-default elementor-section-height-default\" data-id=\"0e44dbb\" data-element_type=\"section\">\n\t\t\t\t\t\t<div class=\"elementor-container elementor-column-gap-default\">\n\t\t\t\t\t\t\t<div class=\"elementor-row\">\n\t\t\t\t\t<div class=\"elementor-column elementor-col-100 elementor-top-column elementor-element elementor-element-99314b9\" data-id=\"99314b9\" data-element_type=\"column\">\n\t\t\t<div class=\"elementor-column-wrap elementor-element-populated\">\n\t\t\t\t\t\t\t<div class=\"elementor-widget-wrap\">\n\t\t\t\t\t\t<div class=\"elementor-element elementor-element-b2f1204 elementor-invisible elementor-widget elementor-widget-heading\" data-id=\"b2f1204\" data-element_type=\"widget\" data-settings=\"{&quot;_animation&quot;:&quot;fadeInRight&quot;}\" data-widget_type=\"heading.default\">\n\t\t\t\t<div class=\"elementor-widget-container\">\n\t\t\t<h1 class=\"elementor-heading-title elementor-size-default\">Rrjeti Shtet\u00ebror i Mareograf\u00ebve<\/h1>\t\t<\/div>\n\t\t\t\t<\/div>\n\t\t\t\t\t\t<\/div>\n\t\t\t\t\t<\/div>\n\t\t<\/div>\n\t\t\t\t\t\t\t\t<\/div>\n\t\t\t\t\t<\/div>\n\t\t<\/section>\n\t\t\t\t<section class=\"elementor-section elementor-top-section elementor-element elementor-element-70af04b elementor-section-boxed elementor-section-height-default elementor-section-height-default\" data-id=\"70af04b\" data-element_type=\"section\">\n\t\t\t\t\t\t<div class=\"elementor-container elementor-column-gap-default\">\n\t\t\t\t\t\t\t<div class=\"elementor-row\">\n\t\t\t\t\t<div class=\"elementor-column elementor-col-100 elementor-top-column elementor-element elementor-element-0e11934\" data-id=\"0e11934\" data-element_type=\"column\">\n\t\t\t<div class=\"elementor-column-wrap elementor-element-populated\">\n\t\t\t\t\t\t\t<div class=\"elementor-widget-wrap\">\n\t\t\t\t\t\t<div class=\"elementor-element elementor-element-15cbb88 elementor-widget elementor-widget-heading\" data-id=\"15cbb88\" data-element_type=\"widget\" data-widget_type=\"heading.default\">\n\t\t\t\t<div class=\"elementor-widget-container\">\n\t\t\t<h6 class=\"elementor-heading-title elementor-size-default\">Rrjeti Shtet\u00ebror i stacioneve Mareografike, p\u00ebrb\u00ebhet nga kat\u00ebr mat\u00ebs t\u00eb nivelit t\u00eb detit (mareograf\u00eb) p\u00ebrgjat\u00eb vij\u00ebs bregdetare t\u00eb Republik\u00ebs s\u00eb Shqip\u00ebris\u00eb. Mareograf\u00ebt jan\u00eb t\u00eb vendosur n\u00eb Sh\u00ebngjin, Durr\u00ebs, Orikum dhe Sarand\u00eb. Ky rrjet mund\u00ebson mbledhjen e t\u00eb dh\u00ebnave q\u00eb lidhen me monitorimin e ndryshimeve t\u00eb nivelit t\u00eb detit si dhe p\u00ebr shum\u00eb studime dhe monitorime q\u00eb trajtojn\u00eb problemet e ambientit. P\u00ebr q\u00ebllime studimore t\u00eb m\u00ebvonshme, ASIG synon q\u00eb mareograf\u00ebt do t\u00eb lidhen midis tyre edhe me Linj\u00eb t\u00eb Nivelacionit t\u00eb Rendit t\u00eb Par\u00eb. N\u00eb vitin 2024 \u00ebsht\u00eb realizuar lidhja e dy stacioneve mareografike t\u00eb Durr\u00ebsit dhe Sh\u00ebngjinit me an\u00eb t\u00eb nivelimit t\u00eb klasit t\u00eb pare n\u00ebpermjet vij\u00ebs s\u00eb nivelimit Durr\u00ebs-Vor\u00eb-Sh\u00ebngjin.\n<\/h6>\t\t<\/div>\n\t\t\t\t<\/div>\n\t\t\t\t\t\t<\/div>\n\t\t\t\t\t<\/div>\n\t\t<\/div>\n\t\t\t\t\t\t\t\t<\/div>\n\t\t\t\t\t<\/div>\n\t\t<\/section>\n\t\t\t\t<section class=\"elementor-section elementor-top-section elementor-element elementor-element-972dd65 elementor-section-boxed elementor-section-height-default elementor-section-height-default\" data-id=\"972dd65\" data-element_type=\"section\">\n\t\t\t\t\t\t<div class=\"elementor-container elementor-column-gap-default\">\n\t\t\t\t\t\t\t<div class=\"elementor-row\">\n\t\t\t\t\t<div class=\"elementor-column elementor-col-100 elementor-top-column elementor-element elementor-element-df5fb8b\" data-id=\"df5fb8b\" data-element_type=\"column\">\n\t\t\t<div class=\"elementor-column-wrap elementor-element-populated\">\n\t\t\t\t\t\t\t<div class=\"elementor-widget-wrap\">\n\t\t\t\t\t\t<div class=\"elementor-element elementor-element-4d464a0 elementor-widget elementor-widget-text-editor\" data-id=\"4d464a0\" data-element_type=\"widget\" data-widget_type=\"text-editor.default\">\n\t\t\t\t<div class=\"elementor-widget-container\">\n\t\t\t\t\t<div class=\"elementor-text-editor elementor-clearfix\"><h6><strong> <a><img loading=\"lazy\" class=\"wp-image-1687 alignleft\" src=\"https:\/\/krgjsh.asig.gov.al\/wp-content\/uploads\/2025\/11\/rrjeti_maregrafik1-1.jpg\" alt=\"\" width=\"386\" height=\"547\" \/><\/a>Mareografi i Sh\u00ebngjinit<\/strong><\/h6>\nStacioni Mareografik i Sh\u00ebngjinit \u00ebsht\u00eb instaluar n\u00eb ambientet e Baz\u00ebs Ushtarake Detare t\u00eb Sh\u00ebngjinit. Ai \u00ebsht\u00eb vendosur n\u00eb nj\u00eb vend t\u00eb sigurt\u00eb brenda zon\u00ebs portuale t\u00eb ankorimit t\u00eb anijeve, n\u00eb nj\u00eb pozicion te till\u00eb q\u00eb merr parasysh t\u00eb gjitha k\u00ebrkesat e parashtruara n\u00eb specifikimet teknike dhe q\u00eb k\u00ebto lloj stacionesh k\u00ebrkojn\u00eb.\n<h6><strong> Mareografi i Durr\u00ebsit<\/strong><\/h6>\nStacioni Mareografik i Durr\u00ebsit \u00ebsht\u00eb instaluar n\u00eb ambientet e baz\u00ebs ushtarake t\u00eb Kepit t\u00eb Palit. Ai \u00ebsht\u00eb vendosur n\u00eb nj\u00eb vend t\u00eb sigurt\u00eb brenda zon\u00ebs portuale t\u00eb ankorimit t\u00eb anijeve, n\u00eb nj\u00eb pozicion t\u00eb till\u00eb q\u00eb merr parasysh t\u00eb gjitha k\u00ebrkesat e parashtruara n\u00eb specifikimet teknike dhe q\u00eb k\u00ebto lloj stacionesh k\u00ebrkojn\u00eb.\n<h6><strong> Mareografi i Orikumit<\/strong><\/h6>\nStacioni Mareografik i Orikumit \u00ebsht\u00eb instaluar n\u00eb ambientet e Vend-Bazimit Detar ushtarak t\u00eb Pasha Limanit. Ai \u00ebsht\u00eb vendosur n\u00eb nj\u00eb vend t\u00eb sigurt\u00eb brenda basenit t\u00eb limanit t\u00eb ankorimit t\u00eb anijeve ushtarake, n\u00eb nj\u00eb pozicion te till\u00eb q\u00eb merr parasysh t\u00eb gjitha k\u00ebrkesat e parashtruara n\u00eb specifikimet teknike dhe q\u00eb k\u00ebto lloj stacionesh k\u00ebrkojn\u00eb.\n<h6><strong>Mareografi i Sarand\u00ebs<\/strong><\/h6>\nStacioni Mareografik i Sarand\u00ebs \u00ebsht\u00eb instaluar n\u00eb ambientet e Baz\u00ebs Ushtarake Detare t\u00eb Sarand\u00ebs. Ai \u00ebsht\u00eb vendosur n\u00eb nj\u00eb vend t\u00eb sigurt\u00eb brenda basenit t\u00eb limanit t\u00eb ankorimit t\u00eb anijeve ushtarake, n\u00eb nj\u00eb pozicion te till\u00eb q\u00eb merr parasysh t\u00eb gjitha k\u00ebrkesat e parashtruara n\u00eb specifikimet teknike dhe q\u00eb k\u00ebto lloj stacionesh k\u00ebrkojn\u00eb.<\/div>\n\t\t\t\t<\/div>\n\t\t\t\t<\/div>\n\t\t\t\t<div class=\"elementor-element elementor-element-3f74682 elementor-widget elementor-widget-image-carousel\" data-id=\"3f74682\" data-element_type=\"widget\" data-settings=\"{&quot;slides_to_show&quot;:&quot;4&quot;,&quot;slides_to_scroll&quot;:&quot;1&quot;,&quot;navigation&quot;:&quot;none&quot;,&quot;autoplay&quot;:&quot;yes&quot;,&quot;pause_on_hover&quot;:&quot;yes&quot;,&quot;pause_on_interaction&quot;:&quot;yes&quot;,&quot;autoplay_speed&quot;:5000,&quot;infinite&quot;:&quot;yes&quot;,&quot;speed&quot;:500,&quot;image_spacing_custom&quot;:{&quot;unit&quot;:&quot;px&quot;,&quot;size&quot;:20,&quot;sizes&quot;:[]}}\" data-widget_type=\"image-carousel.default\">\n\t\t\t\t<div class=\"elementor-widget-container\">\n\t\t\t\t\t<div class=\"elementor-image-carousel-wrapper swiper-container\" dir=\"ltr\">\n\t\t\t<div class=\"elementor-image-carousel swiper-wrapper\">\n\t\t\t\t<div class=\"swiper-slide\"><a data-elementor-open-lightbox=\"yes\" data-elementor-lightbox-slideshow=\"3f74682\" data-elementor-lightbox-title=\"rrjeti_maregrafik_shengjin\" href=\"https:\/\/krgjsh.asig.gov.al\/wp-content\/uploads\/2025\/11\/rrjeti_maregrafik_shengjin.jpg\"><figure class=\"swiper-slide-inner\"><img class=\"swiper-slide-image\" src=\"https:\/\/krgjsh.asig.gov.al\/wp-content\/uploads\/2025\/11\/rrjeti_maregrafik_shengjin-150x150.jpg\" alt=\"Sh\u00ebngjin\" \/><figcaption class=\"elementor-image-carousel-caption\">Sh\u00ebngjin<\/figcaption><\/figure><\/a><\/div><div class=\"swiper-slide\"><a data-elementor-open-lightbox=\"yes\" data-elementor-lightbox-slideshow=\"3f74682\" data-elementor-lightbox-title=\"rrjeti_maregrafik_durres\" href=\"https:\/\/krgjsh.asig.gov.al\/wp-content\/uploads\/2025\/11\/rrjeti_maregrafik_durres.jpg\"><figure class=\"swiper-slide-inner\"><img class=\"swiper-slide-image\" src=\"https:\/\/krgjsh.asig.gov.al\/wp-content\/uploads\/2025\/11\/rrjeti_maregrafik_durres-150x150.jpg\" alt=\"Durr\u00ebs\" \/><figcaption class=\"elementor-image-carousel-caption\">Durr\u00ebs<\/figcaption><\/figure><\/a><\/div><div class=\"swiper-slide\"><a data-elementor-open-lightbox=\"yes\" data-elementor-lightbox-slideshow=\"3f74682\" data-elementor-lightbox-title=\"rrjeti_maregrafik_orikum\" href=\"https:\/\/krgjsh.asig.gov.al\/wp-content\/uploads\/2025\/11\/rrjeti_maregrafik_orikum.jpg\"><figure class=\"swiper-slide-inner\"><img class=\"swiper-slide-image\" src=\"https:\/\/krgjsh.asig.gov.al\/wp-content\/uploads\/2025\/11\/rrjeti_maregrafik_orikum-150x150.jpg\" alt=\"Orikum\" \/><figcaption class=\"elementor-image-carousel-caption\">Orikum<\/figcaption><\/figure><\/a><\/div><div class=\"swiper-slide\"><a data-elementor-open-lightbox=\"yes\" data-elementor-lightbox-slideshow=\"3f74682\" data-elementor-lightbox-title=\"rrjeti_maregrafik_sarande\" href=\"https:\/\/krgjsh.asig.gov.al\/wp-content\/uploads\/2025\/11\/rrjeti_maregrafik_sarande.jpg\"><figure class=\"swiper-slide-inner\"><img class=\"swiper-slide-image\" src=\"https:\/\/krgjsh.asig.gov.al\/wp-content\/uploads\/2025\/11\/rrjeti_maregrafik_sarande-150x150.jpg\" alt=\"Sarand\u00eb\" \/><figcaption class=\"elementor-image-carousel-caption\">Sarand\u00eb<\/figcaption><\/figure><\/a><\/div>\t\t\t<\/div>\n\t\t\t\t\t\t\t\t\t\t\t\t\t\t\t\t<\/div>\n\t\t\t\t<\/div>\n\t\t\t\t<\/div>\n\t\t\t\t\t\t<\/div>\n\t\t\t\t\t<\/div>\n\t\t<\/div>\n\t\t\t\t\t\t\t\t<\/div>\n\t\t\t\t\t<\/div>\n\t\t<\/section>\n\t\t\t\t<section class=\"elementor-section elementor-top-section elementor-element elementor-element-d35647d elementor-section-boxed elementor-section-height-default elementor-section-height-default\" data-id=\"d35647d\" data-element_type=\"section\">\n\t\t\t\t\t\t<div class=\"elementor-container elementor-column-gap-default\">\n\t\t\t\t\t\t\t<div class=\"elementor-row\">\n\t\t\t\t\t<div class=\"elementor-column elementor-col-100 elementor-top-column elementor-element elementor-element-a96fbca\" data-id=\"a96fbca\" data-element_type=\"column\">\n\t\t\t<div class=\"elementor-column-wrap elementor-element-populated\">\n\t\t\t\t\t\t\t<div class=\"elementor-widget-wrap\">\n\t\t\t\t\t\t<div class=\"elementor-element elementor-element-28b387e elementor-widget elementor-widget-text-editor\" data-id=\"28b387e\" data-element_type=\"widget\" data-widget_type=\"text-editor.default\">\n\t\t\t\t<div class=\"elementor-widget-container\">\n\t\t\t\t\t<div class=\"elementor-text-editor elementor-clearfix\"><h3 style=\"text-align: center;\"><b>Qendra<\/b><b> E <\/b><b>Monitorimit<\/b><b> \/ MAREOGRAFET<\/b><\/h3><\/div>\n\t\t\t\t<\/div>\n\t\t\t\t<\/div>\n\t\t\t\t\t\t<\/div>\n\t\t\t\t\t<\/div>\n\t\t<\/div>\n\t\t\t\t\t\t\t\t<\/div>\n\t\t\t\t\t<\/div>\n\t\t<\/section>\n\t\t\t\t<section class=\"elementor-section elementor-top-section elementor-element elementor-element-3da55bc elementor-section-boxed elementor-section-height-default elementor-section-height-default\" data-id=\"3da55bc\" data-element_type=\"section\">\n\t\t\t\t\t\t<div class=\"elementor-container elementor-column-gap-default\">\n\t\t\t\t\t\t\t<div class=\"elementor-row\">\n\t\t\t\t\t<div class=\"elementor-column elementor-col-100 elementor-top-column elementor-element elementor-element-4a7c1f0\" data-id=\"4a7c1f0\" data-element_type=\"column\">\n\t\t\t<div class=\"elementor-column-wrap elementor-element-populated\">\n\t\t\t\t\t\t\t<div class=\"elementor-widget-wrap\">\n\t\t\t\t\t\t<div class=\"elementor-element elementor-element-3842e91 elementor-widget elementor-widget-image\" data-id=\"3842e91\" data-element_type=\"widget\" data-widget_type=\"image.default\">\n\t\t\t\t<div class=\"elementor-widget-container\">\n\t\t\t\t\t<div class=\"elementor-image\">\n\t\t\t\t\t\t\t\t\t\t<img width=\"897\" height=\"691\" src=\"https:\/\/krgjsh.asig.gov.al\/wp-content\/uploads\/2025\/11\/rrjeti_maregrafik2.jpg\" class=\"attachment-large size-large\" alt=\"\" loading=\"lazy\" srcset=\"https:\/\/krgjsh.asig.gov.al\/wp-content\/uploads\/2025\/11\/rrjeti_maregrafik2.jpg 897w, https:\/\/krgjsh.asig.gov.al\/wp-content\/uploads\/2025\/11\/rrjeti_maregrafik2-300x231.jpg 300w, https:\/\/krgjsh.asig.gov.al\/wp-content\/uploads\/2025\/11\/rrjeti_maregrafik2-768x592.jpg 768w, https:\/\/krgjsh.asig.gov.al\/wp-content\/uploads\/2025\/11\/rrjeti_maregrafik2-830x639.jpg 830w, https:\/\/krgjsh.asig.gov.al\/wp-content\/uploads\/2025\/11\/rrjeti_maregrafik2-230x177.jpg 230w, https:\/\/krgjsh.asig.gov.al\/wp-content\/uploads\/2025\/11\/rrjeti_maregrafik2-350x270.jpg 350w, https:\/\/krgjsh.asig.gov.al\/wp-content\/uploads\/2025\/11\/rrjeti_maregrafik2-480x370.jpg 480w\" sizes=\"(max-width: 897px) 100vw, 897px\" \/>\t\t\t\t\t\t\t\t\t\t\t<\/div>\n\t\t\t\t<\/div>\n\t\t\t\t<\/div>\n\t\t\t\t\t\t<\/div>\n\t\t\t\t\t<\/div>\n\t\t<\/div>\n\t\t\t\t\t\t\t\t<\/div>\n\t\t\t\t\t<\/div>\n\t\t<\/section>\n\t\t\t\t\t\t<\/div>\n\t\t\t\t\t\t<\/div>\n\t\t\t\t\t<\/div>\n\t\t","protected":false},"excerpt":{"rendered":"<p>Rrjeti Shtet\u00ebror i Mareograf\u00ebve Rrjeti Shtet\u00ebror i stacioneve Mareografike, p\u00ebrb\u00ebhet nga kat\u00ebr mat\u00ebs t\u00eb nivelit t\u00eb detit (mareograf\u00eb) p\u00ebrgjat\u00eb vij\u00ebs bregdetare t\u00eb Republik\u00ebs s\u00eb Shqip\u00ebris\u00eb. Mareograf\u00ebt jan\u00eb t\u00eb vendosur n\u00eb Sh\u00ebngjin, Durr\u00ebs, Orikum dhe Sarand\u00eb. Ky rrjet mund\u00ebson mbledhjen e t\u00eb dh\u00ebnave q\u00eb lidhen me monitorimin e ndryshimeve t\u00eb nivelit t\u00eb detit si dhe p\u00ebr [&hellip;]<\/p>\n","protected":false},"author":1,"featured_media":0,"parent":0,"menu_order":0,"comment_status":"closed","ping_status":"closed","template":"page-templates\/page_front-page.php","meta":[],"_links":{"self":[{"href":"https:\/\/krgjsh.asig.gov.al\/index.php?rest_route=\/wp\/v2\/pages\/760"}],"collection":[{"href":"https:\/\/krgjsh.asig.gov.al\/index.php?rest_route=\/wp\/v2\/pages"}],"about":[{"href":"https:\/\/krgjsh.asig.gov.al\/index.php?rest_route=\/wp\/v2\/types\/page"}],"author":[{"embeddable":true,"href":"https:\/\/krgjsh.asig.gov.al\/index.php?rest_route=\/wp\/v2\/users\/1"}],"replies":[{"embeddable":true,"href":"https:\/\/krgjsh.asig.gov.al\/index.php?rest_route=%2Fwp%2Fv2%2Fcomments&post=760"}],"version-history":[{"count":30,"href":"https:\/\/krgjsh.asig.gov.al\/index.php?rest_route=\/wp\/v2\/pages\/760\/revisions"}],"predecessor-version":[{"id":1804,"href":"https:\/\/krgjsh.asig.gov.al\/index.php?rest_route=\/wp\/v2\/pages\/760\/revisions\/1804"}],"wp:attachment":[{"href":"https:\/\/krgjsh.asig.gov.al\/index.php?rest_route=%2Fwp%2Fv2%2Fmedia&parent=760"}],"curies":[{"name":"wp","href":"https:\/\/api.w.org\/{rel}","templated":true}]}}